{"id":5165,"date":"2017-11-17T14:16:16","date_gmt":"2017-11-17T14:16:16","guid":{"rendered":"https:\/\/www.imaxesdaterra.com\/tienda\/dolmen-de-cabaleiros-color\/"},"modified":"2022-03-03T17:09:56","modified_gmt":"2022-03-03T17:09:56","slug":"dolmen-de-cabaleiros-color","status":"publish","type":"product","link":"https:\/\/www.imaxesdaterra.com\/gl\/tenda\/dolmen-de-cabaleiros-color\/","title":{"rendered":"Dolmen de Cabaleiros Tordoia"},"content":{"rendered":"<p>A louza fr\u00eda esconde un segredo no seu interior. O Dolmen de Cabaleiros iluminado desde o centro. Un xogo de luces que evocan calidez no medio dun bosque t\u00e9pedo. A roca quent\u00e1ndose sobre a man, un refuxio cheo de historias que espertan a imaxinaci\u00f3n\u00a0 e ao fondo un bosque encantado que encerra entre as s\u00faas \u00e1rbores a xoia mellor conservada de Galicia.<\/p>\n<p>Situado en Tordoia, A Coru\u00f1a, o Dolmen de Cabaleiros \u00e9 un dos mellor conservados de toda Galicia. \u00c9 unha construci\u00f3n neol\u00edtica que data do ano 4.000 a. C. Na imaxe re\u00e1lzase a s\u00faa impo\u00f1ente estrutura cun xogo de luces, dando as\u00ed un resultado que me encantou.<\/p>\n<hr \/>\n<p class=\"p1\"><strong>Pedidos<\/strong><\/p>\n<p class=\"p1\">1. Selecciona o tama\u00f1o desexado.<\/p>\n<p class=\"p1\">2. Revisa os detalles dos soportes >>\u00a0\u00a0<span style=\"color: #33cccc;\"><a style=\"color: #33cccc;\" href=\"https:\/\/www.imaxesdaterra.com\/gal\/soportes\/\" target=\"_blank\" rel=\"noopener noreferrer\"><span class=\"s1\">VER SOPORTES<\/span><\/a><\/span><\/p>\n<p class=\"p1\">3. Selecciona o soporte que m\u00e1is che guste.<\/p>\n<p class=\"p1\">4. Selecciona a cantidade.<\/p>\n<p class=\"p1\">5. Engadir ao carri\u00f1o.<\/p>\n<p class=\"p1\"><strong>Transporte<\/strong><\/p>\n<p class=\"p1\">Revisa os detalles de transporte e impostos. >><span style=\"color: #33cccc;\">\u00a0<a style=\"color: #33cccc;\" href=\"https:\/\/www.imaxesdaterra.com\/gal\/transporte\/\" target=\"_blank\" rel=\"noopener noreferrer\"><span class=\"s1\">VER TRANSPORTE<\/span><\/a><\/span><\/p>\n","protected":false},"excerpt":{"rendered":"<p>A louza fr\u00eda esconde un segredo no seu interior. O Dolmen de Cabaleiros iluminado desde o centro. Un xogo de luces que evocan calidez no medio dun bosque t\u00e9pedo. A roca quent\u00e1ndose sobre a man, un refuxio cheo de historias que espertan a imaxinaci\u00f3n\u00a0 e ao fondo un bosque encantado que encerra entre as s\u00faas [&hellip;]<\/p>\n","protected":false},"featured_media":12502,"comment_status":"closed","ping_status":"closed","template":"","meta":{"jetpack_post_was_ever_published":false,"jetpack_publicize_message":"","jetpack_is_tweetstorm":false,"jetpack_publicize_feature_enabled":true,"jetpack_social_post_already_shared":true,"jetpack_social_options":{"image_generator_settings":{"template":"highway","enabled":false}}},"product_cat":[149],"product_tag":[153,128],"jetpack_publicize_connections":[],"jetpack_sharing_enabled":true,"_links":{"self":[{"href":"https:\/\/www.imaxesdaterra.com\/gl\/wp-json\/wp\/v2\/product\/5165"}],"collection":[{"href":"https:\/\/www.imaxesdaterra.com\/gl\/wp-json\/wp\/v2\/product"}],"about":[{"href":"https:\/\/www.imaxesdaterra.com\/gl\/wp-json\/wp\/v2\/types\/product"}],"replies":[{"embeddable":true,"href":"https:\/\/www.imaxesdaterra.com\/gl\/wp-json\/wp\/v2\/comments?post=5165"}],"wp:featuredmedia":[{"embeddable":true,"href":"https:\/\/www.imaxesdaterra.com\/gl\/wp-json\/wp\/v2\/media\/12502"}],"wp:attachment":[{"href":"https:\/\/www.imaxesdaterra.com\/gl\/wp-json\/wp\/v2\/media?parent=5165"}],"wp:term":[{"taxonomy":"product_cat","embeddable":true,"href":"https:\/\/www.imaxesdaterra.com\/gl\/wp-json\/wp\/v2\/product_cat?post=5165"},{"taxonomy":"product_tag","embeddable":true,"href":"https:\/\/www.imaxesdaterra.com\/gl\/wp-json\/wp\/v2\/product_tag?post=5165"}],"curies":[{"name":"wp","href":"https:\/\/api.w.org\/{rel}","templated":true}]}}