{"id":5152,"date":"2017-11-17T14:22:03","date_gmt":"2017-11-17T14:22:03","guid":{"rendered":"https:\/\/www.imaxesdaterra.com\/tienda\/dolmen-de-cabaleiros-sepia\/"},"modified":"2022-03-03T17:10:04","modified_gmt":"2022-03-03T17:10:04","slug":"dolmen-de-cabaleiros-sepia","status":"publish","type":"product","link":"https:\/\/www.imaxesdaterra.com\/gl\/tenda\/dolmen-de-cabaleiros-sepia\/","title":{"rendered":"Dolmen de Cabaleiros Sepia"},"content":{"rendered":"<div class=\"col_b\">\n<div class=\"textbox\">\n<div id=\"contenedor\" class=\"textarea unknown\">Monumento neol\u00edtico, un anaco da historia. Dolmen de Cabaleiros.\u00a0 Louza de pedra fr\u00eda que ao contacto coas luces regala un espect\u00e1culo asombroso a plena luz do d\u00eda. Parece despreocupado polo paso do tempo, sobre un t\u00famulo de rocas onde repousan milenios de historia. E \u00e9 a natureza quen lle abriga eternamente, envolv\u00e9ndoo en suaves pi\u00f1eiros, tranquilo pasto e unha paisaxe perfecta de ceo aberto.<\/div>\n<div class=\"textarea unknown\">Unha imaxe que nos transporta a 4.000 anos a. C. \u00e1 \u00e9poca neol\u00edtica. Onde empregando un xogo de luces l\u00f3grase realzar a construci\u00f3n de pedra que nos regala un resultado case m\u00e1xico na imaxe realizada en sepia. Tr\u00e1tase do Dolmen de Cabaleiros, un dos mellor conservados de Galicia, situado en Tordoia, A Coru\u00f1a.<\/div>\n<div><\/div>\n<\/div>\n<\/div>\n<hr \/>\n<p class=\"p1\"><strong>Pedidos<\/strong><\/p>\n<p class=\"p1\">1. Selecciona o tama\u00f1o desexado.<\/p>\n<p class=\"p1\">2. Revisa os detalles dos soportes >>\u00a0\u00a0<span style=\"color: #33cccc;\"><a style=\"color: #33cccc;\" href=\"https:\/\/www.imaxesdaterra.com\/gal\/soportes\/\" target=\"_blank\" rel=\"noopener noreferrer\"><span class=\"s1\">VER SOPORTES<\/span><\/a><\/span><\/p>\n<p class=\"p1\">3. Selecciona o soporte que m\u00e1is che guste.<\/p>\n<p class=\"p1\">4. Selecciona a cantidade.<\/p>\n<p class=\"p1\">5. Engadir ao carri\u00f1o.<\/p>\n<p class=\"p1\"><strong>Transporte<\/strong><\/p>\n<p class=\"p1\">Revisa os detalles de transporte e impostos. >>\u00a0<span style=\"color: #33cccc;\"><a style=\"color: #33cccc;\" href=\"https:\/\/www.imaxesdaterra.com\/gal\/transporte\/\" target=\"_blank\" rel=\"noopener noreferrer\"><span class=\"s1\">VER TRANSPORTE<\/span><\/a><\/span><\/p>\n","protected":false},"excerpt":{"rendered":"<p>Monumento neol\u00edtico, un anaco da historia. Dolmen de Cabaleiros.\u00a0 Louza de pedra fr\u00eda que ao contacto coas luces regala un espect\u00e1culo asombroso a plena luz do d\u00eda. Parece despreocupado polo paso do tempo, sobre un t\u00famulo de rocas onde repousan milenios de historia. E \u00e9 a natureza quen lle abriga eternamente, envolv\u00e9ndoo en suaves pi\u00f1eiros, [&hellip;]<\/p>\n","protected":false},"featured_media":12498,"comment_status":"closed","ping_status":"closed","template":"","meta":{"jetpack_post_was_ever_published":false,"jetpack_publicize_message":"","jetpack_is_tweetstorm":false,"jetpack_publicize_feature_enabled":true,"jetpack_social_post_already_shared":true,"jetpack_social_options":{"image_generator_settings":{"template":"highway","enabled":false}}},"product_cat":[147,149],"product_tag":[153,128],"jetpack_publicize_connections":[],"jetpack_sharing_enabled":true,"_links":{"self":[{"href":"https:\/\/www.imaxesdaterra.com\/gl\/wp-json\/wp\/v2\/product\/5152"}],"collection":[{"href":"https:\/\/www.imaxesdaterra.com\/gl\/wp-json\/wp\/v2\/product"}],"about":[{"href":"https:\/\/www.imaxesdaterra.com\/gl\/wp-json\/wp\/v2\/types\/product"}],"replies":[{"embeddable":true,"href":"https:\/\/www.imaxesdaterra.com\/gl\/wp-json\/wp\/v2\/comments?post=5152"}],"wp:featuredmedia":[{"embeddable":true,"href":"https:\/\/www.imaxesdaterra.com\/gl\/wp-json\/wp\/v2\/media\/12498"}],"wp:attachment":[{"href":"https:\/\/www.imaxesdaterra.com\/gl\/wp-json\/wp\/v2\/media?parent=5152"}],"wp:term":[{"taxonomy":"product_cat","embeddable":true,"href":"https:\/\/www.imaxesdaterra.com\/gl\/wp-json\/wp\/v2\/product_cat?post=5152"},{"taxonomy":"product_tag","embeddable":true,"href":"https:\/\/www.imaxesdaterra.com\/gl\/wp-json\/wp\/v2\/product_tag?post=5152"}],"curies":[{"name":"wp","href":"https:\/\/api.w.org\/{rel}","templated":true}]}}