{"id":5139,"date":"2017-11-18T15:25:59","date_gmt":"2017-11-18T15:25:59","guid":{"rendered":"https:\/\/www.imaxesdaterra.com\/tienda\/besta-fermosa-sabucedo\/"},"modified":"2022-03-03T17:10:04","modified_gmt":"2022-03-03T17:10:04","slug":"besta-fermosa-sabucedo","status":"publish","type":"product","link":"https:\/\/www.imaxesdaterra.com\/gl\/tenda\/besta-fermosa-sabucedo\/","title":{"rendered":"Besta fermosa de Sabucedo"},"content":{"rendered":"<p>Quixen chamar a esta imaxe \u201c Besta fermosa\u201d dado que \u00e9 fermosa, pura, salvaxe. Unha mirada de preto a &#8220;R\u00e1pa d\u00e1s Bestas de Sabucedo&#8221;,\u00a0 unha celebraci\u00f3n importante das Festas de Galicia onde as bestas son encerradas nun curro, onde lle cortan as crines. Tradici\u00f3n que celebrase o primeiro fin de semana de xullo, en pleno ver\u00e1n de festas de Galicia.<\/p>\n<hr \/>\n<p class=\"p1\"><strong>Pedidos<\/strong><\/p>\n<p class=\"p1\">1. Selecciona o tama\u00f1o desexado.<\/p>\n<p class=\"p1\">2. Revisa os detalles dos soportes ( FineArt, Lenzo o Metacrilato ) &gt;&gt;\u00a0\u00a0<span style=\"color: #33cccc;\"><a style=\"color: #33cccc;\" href=\"http:\/\/www.imaxesdaterra.com\/gal\/soportes\/\" target=\"_blank\" rel=\"noopener noreferrer\"><span class=\"s1\">VER SOPORTES<\/span><\/a><\/span><\/p>\n<p class=\"p1\">3. Selecciona o soporte que m\u00e1is che guste.<\/p>\n<p class=\"p1\">4. Selecciona a cantidade.<\/p>\n<p class=\"p1\">5. Engadir ao carri\u00f1o.<\/p>\n<p class=\"p1\"><strong>Transporte<\/strong><\/p>\n<p class=\"p1\">Revisa os detalles de transporte e impostos. &gt;&gt;\u00a0<span style=\"color: #33cccc;\"><a style=\"color: #33cccc;\" href=\"http:\/\/www.imaxesdaterra.com\/gal\/transporte\/\" target=\"_blank\" rel=\"noopener noreferrer\"><span class=\"s1\">VER TRANSPORTE<\/span><\/a><\/span><\/p>\n","protected":false},"excerpt":{"rendered":"<p>Quixen chamar a esta imaxe \u201c Besta fermosa\u201d dado que \u00e9 fermosa, pura, salvaxe. Unha mirada de preto a &#8220;R\u00e1pa d\u00e1s Bestas de Sabucedo&#8221;,\u00a0 unha celebraci\u00f3n importante das Festas de Galicia onde as bestas son encerradas nun curro, onde lle cortan as crines. Tradici\u00f3n que celebrase o primeiro fin de semana de xullo, en pleno [&hellip;]<\/p>\n","protected":false},"featured_media":4172,"comment_status":"closed","ping_status":"closed","template":"","meta":{"jetpack_post_was_ever_published":false,"jetpack_publicize_message":"","jetpack_is_tweetstorm":false,"jetpack_publicize_feature_enabled":true,"jetpack_social_post_already_shared":true,"jetpack_social_options":{"image_generator_settings":{"template":"highway","enabled":false}}},"product_cat":[147,144],"product_tag":[128,156],"jetpack_publicize_connections":[],"jetpack_sharing_enabled":true,"_links":{"self":[{"href":"https:\/\/www.imaxesdaterra.com\/gl\/wp-json\/wp\/v2\/product\/5139"}],"collection":[{"href":"https:\/\/www.imaxesdaterra.com\/gl\/wp-json\/wp\/v2\/product"}],"about":[{"href":"https:\/\/www.imaxesdaterra.com\/gl\/wp-json\/wp\/v2\/types\/product"}],"replies":[{"embeddable":true,"href":"https:\/\/www.imaxesdaterra.com\/gl\/wp-json\/wp\/v2\/comments?post=5139"}],"wp:featuredmedia":[{"embeddable":true,"href":"https:\/\/www.imaxesdaterra.com\/gl\/wp-json\/wp\/v2\/media\/4172"}],"wp:attachment":[{"href":"https:\/\/www.imaxesdaterra.com\/gl\/wp-json\/wp\/v2\/media?parent=5139"}],"wp:term":[{"taxonomy":"product_cat","embeddable":true,"href":"https:\/\/www.imaxesdaterra.com\/gl\/wp-json\/wp\/v2\/product_cat?post=5139"},{"taxonomy":"product_tag","embeddable":true,"href":"https:\/\/www.imaxesdaterra.com\/gl\/wp-json\/wp\/v2\/product_tag?post=5139"}],"curies":[{"name":"wp","href":"https:\/\/api.w.org\/{rel}","templated":true}]}}