{"id":5126,"date":"2017-11-17T16:52:07","date_gmt":"2017-11-17T16:52:07","guid":{"rendered":"https:\/\/www.imaxesdaterra.com\/tienda\/carballos-rabade-parque-natural-do-invernadeiro\/"},"modified":"2022-03-03T17:10:20","modified_gmt":"2022-03-03T17:10:20","slug":"carballos-rabade-parque-natural-do-invernadeiro","status":"publish","type":"product","link":"https:\/\/www.imaxesdaterra.com\/gl\/tenda\/carballos-rabade-parque-natural-do-invernadeiro\/","title":{"rendered":"Carballos Rabade Parque Natural do Invernadeiro"},"content":{"rendered":"<p>Bosques \u00fanicos e natureza de Galicia. Os Carballos coas s\u00faas follas de cores oto\u00f1ales, parecen abrigados por un verde manto. O espesor do bosque evoca un sentimento de soidade. Un silencio acompa\u00f1ado dos ru\u00eddos da natureza e o cheiro do bri\u00f3n. A brisa que baila entre as follas e sobre as \u00e1rbores.<\/p>\n<p>En Galicia os Carballos forman parte da paisaxe natural dos seus bosques. Xa son poucas as zonas que conservan toda a s\u00faa maxia e esplendor, como no Parque Natural do invernadeiro en Ourense, a\u00ednda \u00e9 posible observar este espect\u00e1culo de cores como o capturado nesta fotograf\u00eda.<\/p>\n<hr \/>\n<p class=\"p1\"><strong>Pedidos<\/strong><\/p>\n<p class=\"p1\">1. Selecciona o tama\u00f1o desexado.<\/p>\n<p class=\"p1\">2. Revisa os detalles dos soportes &gt;&gt;\u00a0\u00a0<span style=\"color: #33cccc;\"><a style=\"color: #33cccc;\" href=\"https:\/\/www.imaxesdaterra.com\/gal\/soportes\/\" target=\"_blank\" rel=\"noopener noreferrer\"><span class=\"s1\">VER SOPORTES<\/span><\/a><\/span><\/p>\n<p class=\"p1\">3. Selecciona o soporte que m\u00e1is che guste.<\/p>\n<p class=\"p1\">4. Selecciona a cantidade.<\/p>\n<p class=\"p1\">5. Engadir ao carri\u00f1o.<\/p>\n<p class=\"p1\"><strong>Transporte<\/strong><\/p>\n<p class=\"p1\">Revisa os detalles de transporte e impostos &gt;&gt;\u00a0<span style=\"color: #33cccc;\"><a style=\"color: #33cccc;\" href=\"https:\/\/www.imaxesdaterra.com\/gal\/transporte\/\" target=\"_blank\" rel=\"noopener noreferrer\"><span class=\"s1\">VER TRANSPORTE<\/span><\/a><\/span><\/p>\n","protected":false},"excerpt":{"rendered":"<p>Bosques \u00fanicos e natureza de Galicia. Os Carballos coas s\u00faas follas de cores oto\u00f1ales, parecen abrigados por un verde manto. O espesor do bosque evoca un sentimento de soidade. Un silencio acompa\u00f1ado dos ru\u00eddos da natureza e o cheiro do bri\u00f3n. A brisa que baila entre as follas e sobre as \u00e1rbores. En Galicia os [&hellip;]<\/p>\n","protected":false},"featured_media":12475,"comment_status":"closed","ping_status":"closed","template":"","meta":{"jetpack_post_was_ever_published":false,"jetpack_publicize_message":"","jetpack_is_tweetstorm":false,"jetpack_publicize_feature_enabled":true,"jetpack_social_post_already_shared":true,"jetpack_social_options":{"image_generator_settings":{"template":"highway","enabled":false}}},"product_cat":[144],"product_tag":[128,155],"jetpack_publicize_connections":[],"jetpack_sharing_enabled":true,"_links":{"self":[{"href":"https:\/\/www.imaxesdaterra.com\/gl\/wp-json\/wp\/v2\/product\/5126"}],"collection":[{"href":"https:\/\/www.imaxesdaterra.com\/gl\/wp-json\/wp\/v2\/product"}],"about":[{"href":"https:\/\/www.imaxesdaterra.com\/gl\/wp-json\/wp\/v2\/types\/product"}],"replies":[{"embeddable":true,"href":"https:\/\/www.imaxesdaterra.com\/gl\/wp-json\/wp\/v2\/comments?post=5126"}],"wp:featuredmedia":[{"embeddable":true,"href":"https:\/\/www.imaxesdaterra.com\/gl\/wp-json\/wp\/v2\/media\/12475"}],"wp:attachment":[{"href":"https:\/\/www.imaxesdaterra.com\/gl\/wp-json\/wp\/v2\/media?parent=5126"}],"wp:term":[{"taxonomy":"product_cat","embeddable":true,"href":"https:\/\/www.imaxesdaterra.com\/gl\/wp-json\/wp\/v2\/product_cat?post=5126"},{"taxonomy":"product_tag","embeddable":true,"href":"https:\/\/www.imaxesdaterra.com\/gl\/wp-json\/wp\/v2\/product_tag?post=5126"}],"curies":[{"name":"wp","href":"https:\/\/api.w.org\/{rel}","templated":true}]}}