{"id":5100,"date":"2017-11-17T17:09:34","date_gmt":"2017-11-17T17:09:34","guid":{"rendered":"https:\/\/www.imaxesdaterra.com\/tienda\/otono-serra-do-caurel\/"},"modified":"2022-03-03T17:10:28","modified_gmt":"2022-03-03T17:10:28","slug":"otono-serra-do-caurel","status":"publish","type":"product","link":"https:\/\/www.imaxesdaterra.com\/gl\/tenda\/otono-serra-do-caurel\/","title":{"rendered":"Oto\u00f1o Serra do Caurel"},"content":{"rendered":"<div class=\"col_b\">\n<div class=\"textbox\">\n<div class=\"options\">\n<p>Chega o outono e as follas dos arboles comezan a caer. Cores que espertan os bosques, son de ramas crujiendo baixo os p\u00e9s e un cheiro a natureza que envolve o ambiente frio da \u00e9poca. O verde vaise perdendo e difuminando co amarelo, que se vai tostando d\u00eda tras d\u00eda ata caer nun \u00faltimo suspiro de outono.<\/p>\n<p>As follas dos casti\u00f1eiros de Galicia no outono, forman toda unha escala de cores que se poden apreciar ao longo da Serra do Caurel. A natureza v\u00edstese de outono para regalarnos unha paleta \u00fanica de cores que nos transportan a un lugar tranquilo, cheo de silencio, pero un silencio de bosque que \u00e9 amenizado polo son das aves, do vento contra as follas e da brisa oto\u00f1al.<\/p>\n<\/div>\n<\/div>\n<\/div>\n<hr \/>\n<p class=\"p1\"><strong>Pedidos<\/strong><\/p>\n<p class=\"p1\">1. Selecciona o tama\u00f1o desexado.<\/p>\n<p class=\"p1\">2. Revisa os detalles dos soportes ( FineArt, Lenzo o Metacrilato ) &gt;&gt;\u00a0\u00a0<span style=\"color: #33cccc;\"><a style=\"color: #33cccc;\" href=\"http:\/\/www.imaxesdaterra.com\/gal\/soportes\/\" target=\"_blank\" rel=\"noopener noreferrer\"><span class=\"s1\">VER SOPORTES<\/span><\/a><\/span><\/p>\n<p class=\"p1\">3. Selecciona o soporte que m\u00e1is che guste.<\/p>\n<p class=\"p1\">4. Selecciona a cantidade.<\/p>\n<p class=\"p1\">5. Engadir ao carri\u00f1o.<\/p>\n<p class=\"p1\"><strong>Transporte<\/strong><\/p>\n<p class=\"p1\">Revisa os detalles de transporte e impostos. &gt;&gt;\u00a0<span style=\"color: #33cccc;\"><a style=\"color: #33cccc;\" href=\"http:\/\/www.imaxesdaterra.com\/gal\/transporte\/\" target=\"_blank\" rel=\"noopener noreferrer\"><span class=\"s1\">VER TRANSPORTE<\/span><\/a><\/span><\/p>\n","protected":false},"excerpt":{"rendered":"<p>Chega o outono e as follas dos arboles comezan a caer. Cores que espertan os bosques, son de ramas crujiendo baixo os p\u00e9s e un cheiro a natureza que envolve o ambiente frio da \u00e9poca. O verde vaise perdendo e difuminando co amarelo, que se vai tostando d\u00eda tras d\u00eda ata caer nun \u00faltimo suspiro [&hellip;]<\/p>\n","protected":false},"featured_media":4421,"comment_status":"closed","ping_status":"closed","template":"","meta":{"jetpack_post_was_ever_published":false,"jetpack_publicize_message":"","jetpack_is_tweetstorm":false,"jetpack_publicize_feature_enabled":true,"jetpack_social_post_already_shared":true,"jetpack_social_options":{"image_generator_settings":{"template":"highway","enabled":false}}},"product_cat":[144],"product_tag":[128,145],"jetpack_publicize_connections":[],"jetpack_sharing_enabled":true,"_links":{"self":[{"href":"https:\/\/www.imaxesdaterra.com\/gl\/wp-json\/wp\/v2\/product\/5100"}],"collection":[{"href":"https:\/\/www.imaxesdaterra.com\/gl\/wp-json\/wp\/v2\/product"}],"about":[{"href":"https:\/\/www.imaxesdaterra.com\/gl\/wp-json\/wp\/v2\/types\/product"}],"replies":[{"embeddable":true,"href":"https:\/\/www.imaxesdaterra.com\/gl\/wp-json\/wp\/v2\/comments?post=5100"}],"wp:featuredmedia":[{"embeddable":true,"href":"https:\/\/www.imaxesdaterra.com\/gl\/wp-json\/wp\/v2\/media\/4421"}],"wp:attachment":[{"href":"https:\/\/www.imaxesdaterra.com\/gl\/wp-json\/wp\/v2\/media?parent=5100"}],"wp:term":[{"taxonomy":"product_cat","embeddable":true,"href":"https:\/\/www.imaxesdaterra.com\/gl\/wp-json\/wp\/v2\/product_cat?post=5100"},{"taxonomy":"product_tag","embeddable":true,"href":"https:\/\/www.imaxesdaterra.com\/gl\/wp-json\/wp\/v2\/product_tag?post=5100"}],"curies":[{"name":"wp","href":"https:\/\/api.w.org\/{rel}","templated":true}]}}