{"id":5061,"date":"2017-11-17T17:34:34","date_gmt":"2017-11-17T17:34:34","guid":{"rendered":"https:\/\/www.imaxesdaterra.com\/tienda\/vinas-ribeira-sacra\/"},"modified":"2022-03-03T17:10:44","modified_gmt":"2022-03-03T17:10:44","slug":"vinas-ribeira-sacra","status":"publish","type":"product","link":"https:\/\/www.imaxesdaterra.com\/gl\/tenda\/vinas-ribeira-sacra\/","title":{"rendered":"Vi\u00f1as Ribeira Sacra"},"content":{"rendered":"<p>Natureza galega. O sol p\u00f3usase sobre os vi\u00f1edos da Ribeira Sacra. Columnas de uvas que se converter\u00e1n en vi\u00f1o, e que regalan un espect\u00e1culo de cores outonales que nos deixa sen alento. Paisaxe en calma, imperturbable, cheo de vida. Galicia v\u00edstese de cores e aromas ata al\u00e1 onde chega a vista.<\/p>\n<p>A Ribeira Sacra \u00e9 unha zona chea de vi\u00f1edos dispostos en terrazas case de todo verticais, con abruptos can\u00f3ns. De a\u00ed saen as uvas m\u00e1is deliciosas que ser\u00e1n procesadas e convertidas en exquisitos vi\u00f1os. \u00a0Fotograf\u00eda dun d\u00eda tranquilo nas Vi\u00f1as da Ribeira, xusto no momento no que o sol ba\u00f1a de luz toda a s\u00faa rica extensi\u00f3n.<\/p>\n<hr \/>\n<p class=\"p1\"><strong>Pedidos<\/strong><\/p>\n<p class=\"p1\">1. Selecciona o tama\u00f1o desexado.<\/p>\n<p class=\"p1\">2. Revisa os detalles dos soportes ( L\u00e1mina, Lenzo o Metacrilato ) &gt;&gt;\u00a0<span style=\"color: #33cccc;\">\u00a0<a style=\"color: #33cccc;\" href=\"http:\/\/www.imaxesdaterra.com\/gal\/soportes\/\" target=\"_blank\" rel=\"noopener noreferrer\"><span class=\"s1\">VER SOPORTES<\/span><\/a><\/span><\/p>\n<p class=\"p1\">3. Selecciona o soporte que m\u00e1is che guste.<\/p>\n<p class=\"p1\">4. Selecciona a cantidade.<\/p>\n<p class=\"p1\">5. Engadir ao carri\u00f1o.<\/p>\n<p class=\"p1\"><strong>Transporte<\/strong><\/p>\n<p class=\"p1\">Revisa os detalles de transporte e impostos. &gt;&gt;\u00a0<span style=\"color: #33cccc;\"><a style=\"color: #33cccc;\" href=\"http:\/\/www.imaxesdaterra.com\/gal\/transporte\/\" target=\"_blank\" rel=\"noopener noreferrer\"><span class=\"s1\">VER TRANSPORTE<\/span><\/a><\/span><\/p>\n","protected":false},"excerpt":{"rendered":"<p>Natureza galega. O sol p\u00f3usase sobre os vi\u00f1edos da Ribeira Sacra. Columnas de uvas que se converter\u00e1n en vi\u00f1o, e que regalan un espect\u00e1culo de cores outonales que nos deixa sen alento. Paisaxe en calma, imperturbable, cheo de vida. Galicia v\u00edstese de cores e aromas ata al\u00e1 onde chega a vista. A Ribeira Sacra \u00e9 [&hellip;]<\/p>\n","protected":false},"featured_media":6871,"comment_status":"closed","ping_status":"closed","template":"","meta":{"jetpack_post_was_ever_published":false,"jetpack_publicize_message":"","jetpack_is_tweetstorm":false,"jetpack_publicize_feature_enabled":true,"jetpack_social_post_already_shared":true,"jetpack_social_options":{"image_generator_settings":{"template":"highway","enabled":false}}},"product_cat":[144,140],"product_tag":[128,155],"jetpack_publicize_connections":[],"jetpack_sharing_enabled":true,"_links":{"self":[{"href":"https:\/\/www.imaxesdaterra.com\/gl\/wp-json\/wp\/v2\/product\/5061"}],"collection":[{"href":"https:\/\/www.imaxesdaterra.com\/gl\/wp-json\/wp\/v2\/product"}],"about":[{"href":"https:\/\/www.imaxesdaterra.com\/gl\/wp-json\/wp\/v2\/types\/product"}],"replies":[{"embeddable":true,"href":"https:\/\/www.imaxesdaterra.com\/gl\/wp-json\/wp\/v2\/comments?post=5061"}],"wp:featuredmedia":[{"embeddable":true,"href":"https:\/\/www.imaxesdaterra.com\/gl\/wp-json\/wp\/v2\/media\/6871"}],"wp:attachment":[{"href":"https:\/\/www.imaxesdaterra.com\/gl\/wp-json\/wp\/v2\/media?parent=5061"}],"wp:term":[{"taxonomy":"product_cat","embeddable":true,"href":"https:\/\/www.imaxesdaterra.com\/gl\/wp-json\/wp\/v2\/product_cat?post=5061"},{"taxonomy":"product_tag","embeddable":true,"href":"https:\/\/www.imaxesdaterra.com\/gl\/wp-json\/wp\/v2\/product_tag?post=5061"}],"curies":[{"name":"wp","href":"https:\/\/api.w.org\/{rel}","templated":true}]}}