{"id":4970,"date":"2017-11-18T07:11:11","date_gmt":"2017-11-18T07:11:11","guid":{"rendered":"https:\/\/www.imaxesdaterra.com\/tienda\/san-andres-de-teixido\/"},"modified":"2022-03-03T17:11:32","modified_gmt":"2022-03-03T17:11:32","slug":"san-andres-de-teixido","status":"publish","type":"product","link":"https:\/\/www.imaxesdaterra.com\/gl\/tenda\/san-andres-de-teixido\/","title":{"rendered":"San Andr\u00e9s de Teixido"},"content":{"rendered":"<div class=\"col_b\">\n<div class=\"textbox\">\n<div id=\"contenedor\" class=\"textarea unknown\">Tarde tranquila na Capela de San Andr\u00e9s de Teixido. Templo que espera e espera cheo de historias. Unha xoia no cami\u00f1o dos peregrinos. Paredes que non fraquean fronte aos ventos mari\u00f1os e unha calma que enche a alma. As lendas que rodean o santuario son tam\u00e9n parte do seu gran atractivo, e a s\u00faa torre m\u00e1is alta parece tocar un ceo despexado carg\u00e1ndose do atardecer.<\/div>\n<div class=\"textarea unknown\">Capela de San Andr\u00e9s, famoso santuario onde, segundo o devandito popular \u201c Vai de morto quen non foi de vivo\u201d ou \u201cvai de morto quen non foi de vivo\u201d. Este \u00e9 un santuario moi visitado polos peregrinos que realizan o Cami\u00f1o. Coas s\u00faas paredes cheas de historia, pl\u00e1ntase para unha fermosa paisaxe de Galicia capturado en sepia.<\/div>\n<\/div>\n<\/div>\n<hr \/>\n<p class=\"p1\"><strong>Pedidos<\/strong><\/p>\n<p class=\"p1\">1. Selecciona o tama\u00f1o desexado.<\/p>\n<p class=\"p1\">2. Revisa os detalles dos soportes ( FineArt, Lenzo o Metacrilato ) &gt;&gt;\u00a0\u00a0<span style=\"color: #33cccc;\"><a style=\"color: #33cccc;\" href=\"http:\/\/www.imaxesdaterra.com\/gal\/soportes\/\" target=\"_blank\" rel=\"noopener noreferrer\"><span class=\"s1\">VER SOPORTES<\/span><\/a><\/span><\/p>\n<p class=\"p1\">3. Selecciona o soporte que m\u00e1is che guste.<\/p>\n<p class=\"p1\">4. Selecciona a cantidade.<\/p>\n<p class=\"p1\">5. Engadir ao carri\u00f1o.<\/p>\n<p class=\"p1\"><strong>Transporte<\/strong><\/p>\n<p class=\"p1\">Revisa os detalles de transporte e impostos. &gt;&gt;\u00a0<span style=\"color: #33cccc;\"><a style=\"color: #33cccc;\" href=\"http:\/\/www.imaxesdaterra.com\/gal\/transporte\/\" target=\"_blank\" rel=\"noopener noreferrer\"><span class=\"s1\">VER TRANSPORTE<\/span><\/a><\/span><\/p>\n","protected":false},"excerpt":{"rendered":"<p>Tarde tranquila na Capela de San Andr\u00e9s de Teixido. Templo que espera e espera cheo de historias. Unha xoia no cami\u00f1o dos peregrinos. Paredes que non fraquean fronte aos ventos mari\u00f1os e unha calma que enche a alma. As lendas que rodean o santuario son tam\u00e9n parte do seu gran atractivo, e a s\u00faa torre [&hellip;]<\/p>\n","protected":false},"featured_media":4280,"comment_status":"closed","ping_status":"closed","template":"","meta":{"jetpack_post_was_ever_published":false,"jetpack_publicize_message":"","jetpack_is_tweetstorm":false,"jetpack_publicize_feature_enabled":true,"jetpack_social_post_already_shared":true,"jetpack_social_options":{"image_generator_settings":{"template":"highway","enabled":false}}},"product_cat":[146,147,140],"product_tag":[153,128],"jetpack_publicize_connections":[],"jetpack_sharing_enabled":true,"_links":{"self":[{"href":"https:\/\/www.imaxesdaterra.com\/gl\/wp-json\/wp\/v2\/product\/4970"}],"collection":[{"href":"https:\/\/www.imaxesdaterra.com\/gl\/wp-json\/wp\/v2\/product"}],"about":[{"href":"https:\/\/www.imaxesdaterra.com\/gl\/wp-json\/wp\/v2\/types\/product"}],"replies":[{"embeddable":true,"href":"https:\/\/www.imaxesdaterra.com\/gl\/wp-json\/wp\/v2\/comments?post=4970"}],"wp:featuredmedia":[{"embeddable":true,"href":"https:\/\/www.imaxesdaterra.com\/gl\/wp-json\/wp\/v2\/media\/4280"}],"wp:attachment":[{"href":"https:\/\/www.imaxesdaterra.com\/gl\/wp-json\/wp\/v2\/media?parent=4970"}],"wp:term":[{"taxonomy":"product_cat","embeddable":true,"href":"https:\/\/www.imaxesdaterra.com\/gl\/wp-json\/wp\/v2\/product_cat?post=4970"},{"taxonomy":"product_tag","embeddable":true,"href":"https:\/\/www.imaxesdaterra.com\/gl\/wp-json\/wp\/v2\/product_tag?post=4970"}],"curies":[{"name":"wp","href":"https:\/\/api.w.org\/{rel}","templated":true}]}}