{"id":4957,"date":"2017-11-18T07:14:43","date_gmt":"2017-11-18T07:14:43","guid":{"rendered":"https:\/\/www.imaxesdaterra.com\/tienda\/serra-da-capelada\/"},"modified":"2022-03-03T17:11:40","modified_gmt":"2022-03-03T17:11:40","slug":"serra-da-capelada","status":"publish","type":"product","link":"https:\/\/www.imaxesdaterra.com\/gl\/tenda\/serra-da-capelada\/","title":{"rendered":"Serra da Capelada"},"content":{"rendered":"<p>Atardecer no miradoiro de Vix\u00eda Herbeira. O mar de fondo nos cant\u00eds m\u00e1is altos de Europa, rodeados da natureza salvaxe da Serra d\u00e1 Capelada. O ceo e o mar \u00fanense al\u00e1 onde o sol t\u00f3calles, e ao redor un escenario natural que deixa sen palabras polas s\u00faas cores, as s\u00faas texturas e a calma que inspira. Os cant\u00eds reciben cos brazos abertos os \u00faltimos raios do sol c\u00e1lido durante a posta.<\/p>\n<p>Con m\u00e1is de 613 metros sobre o nivel do mar, desde este miradoiro de Vix\u00eda Herbeira p\u00f3dense observar os cant\u00eds cunha maior cota da Europa Continental. A Serra d\u00e1 Capelada \u00e9 un dos espazos naturais m\u00e1is fermosos de todos, con bosques tupidos nos cales \u00e9 posible observar vacas e cabalos salvaxes na s\u00faa contorna natural.<\/p>\n<hr \/>\n<p class=\"p1\"><strong>Pedidos<\/strong><\/p>\n<p class=\"p1\">1. Selecciona o tama\u00f1o desexado.<\/p>\n<p class=\"p1\">2. Revisa os detalles dos soportes &gt;&gt;\u00a0 <span style=\"color: #33cccc;\"><a style=\"color: #33cccc;\" href=\"https:\/\/www.imaxesdaterra.com\/gal\/soportes\/\" target=\"_blank\" rel=\"noopener noreferrer\"><span class=\"s1\">VER SOPORTES<\/span><\/a><\/span><\/p>\n<p class=\"p1\">3. Selecciona o soporte que m\u00e1is che guste.<\/p>\n<p class=\"p1\">4. Selecciona a cantidade.<\/p>\n<p class=\"p1\">5. Engadir ao carri\u00f1o.<\/p>\n<p class=\"p1\"><strong>Transporte<\/strong><\/p>\n<p class=\"p1\">Revisa os detalles de transporte e impostos. &gt;&gt;\u00a0<span style=\"color: #33cccc;\"><a style=\"color: #33cccc;\" href=\"https:\/\/www.imaxesdaterra.com\/gal\/transporte\/\" target=\"_blank\" rel=\"noopener noreferrer\"><span class=\"s1\">VER TRANSPORTE<\/span><\/a><\/span><\/p>\n","protected":false},"excerpt":{"rendered":"<p>Atardecer no miradoiro de Vix\u00eda Herbeira. O mar de fondo nos cant\u00eds m\u00e1is altos de Europa, rodeados da natureza salvaxe da Serra d\u00e1 Capelada. O ceo e o mar \u00fanense al\u00e1 onde o sol t\u00f3calles, e ao redor un escenario natural que deixa sen palabras polas s\u00faas cores, as s\u00faas texturas e a calma que [&hellip;]<\/p>\n","protected":false},"featured_media":12338,"comment_status":"closed","ping_status":"closed","template":"","meta":{"jetpack_post_was_ever_published":false,"jetpack_publicize_message":"","jetpack_is_tweetstorm":false,"jetpack_publicize_feature_enabled":true,"jetpack_social_post_already_shared":true,"jetpack_social_options":{"image_generator_settings":{"template":"highway","enabled":false}}},"product_cat":[137,139,140],"product_tag":[153,128],"jetpack_publicize_connections":[],"jetpack_sharing_enabled":true,"_links":{"self":[{"href":"https:\/\/www.imaxesdaterra.com\/gl\/wp-json\/wp\/v2\/product\/4957"}],"collection":[{"href":"https:\/\/www.imaxesdaterra.com\/gl\/wp-json\/wp\/v2\/product"}],"about":[{"href":"https:\/\/www.imaxesdaterra.com\/gl\/wp-json\/wp\/v2\/types\/product"}],"replies":[{"embeddable":true,"href":"https:\/\/www.imaxesdaterra.com\/gl\/wp-json\/wp\/v2\/comments?post=4957"}],"wp:featuredmedia":[{"embeddable":true,"href":"https:\/\/www.imaxesdaterra.com\/gl\/wp-json\/wp\/v2\/media\/12338"}],"wp:attachment":[{"href":"https:\/\/www.imaxesdaterra.com\/gl\/wp-json\/wp\/v2\/media?parent=4957"}],"wp:term":[{"taxonomy":"product_cat","embeddable":true,"href":"https:\/\/www.imaxesdaterra.com\/gl\/wp-json\/wp\/v2\/product_cat?post=4957"},{"taxonomy":"product_tag","embeddable":true,"href":"https:\/\/www.imaxesdaterra.com\/gl\/wp-json\/wp\/v2\/product_tag?post=4957"}],"curies":[{"name":"wp","href":"https:\/\/api.w.org\/{rel}","templated":true}]}}