{"id":4944,"date":"2017-11-18T08:04:42","date_gmt":"2017-11-18T08:04:42","guid":{"rendered":"https:\/\/www.imaxesdaterra.com\/tienda\/amencer-serra-do-caurel\/"},"modified":"2022-03-03T17:11:40","modified_gmt":"2022-03-03T17:11:40","slug":"amencer-serra-do-caurel","status":"publish","type":"product","link":"https:\/\/www.imaxesdaterra.com\/gl\/tenda\/amencer-serra-do-caurel\/","title":{"rendered":"Amencer Serra do Caurel"},"content":{"rendered":"<p>As primeiras luces do d\u00eda xa revelan o amencer en Serra do Caurel. Cos seus picos que parecen tocar o ceo, a cordilleira monta\u00f1osa \u00e9nchese de maxia e de n\u00e9boa. Nubes brancas como o algod\u00f3n bailan ao redor das monta\u00f1as e unha brisa fr\u00eda que paraliza o corpo conf\u00fandese con branco do firmamento, que apenas se ve asaltado polas primeiras cores do d\u00eda.<\/p>\n<p>At\u00f3pase amencendo na Sierra do Caurel. D\u00eda de inverno, n\u00e9boa no horizonte. Unha imaxe que revela a calma desta cordilleira galega coa s\u00faa incalculable beleza que deixa sen palabras a quen o mira.<\/p>\n<hr \/>\n<p class=\"p1\"><strong>Pedidos<\/strong><\/p>\n<p class=\"p1\">1. Selecciona o tama\u00f1o desexado.<\/p>\n<p class=\"p1\">2. Revisa os detalles dos soportes ( FineArt, Lenzo o Metacrilato ) &gt;&gt;\u00a0\u00a0<span style=\"color: #33cccc;\"><a style=\"color: #33cccc;\" href=\"http:\/\/www.imaxesdaterra.com\/gal\/soportes\/\" target=\"_blank\" rel=\"noopener noreferrer\"><span class=\"s1\">VER SOPORTES<\/span><\/a><\/span><\/p>\n<p class=\"p1\">3. Selecciona o soporte que m\u00e1is che guste.<\/p>\n<p class=\"p1\">4. Selecciona a cantidade.<\/p>\n<p class=\"p1\">5. Engadir ao carri\u00f1o.<\/p>\n<p class=\"p1\"><strong>Transporte<\/strong><\/p>\n<p class=\"p1\">Revisa os detalles de transporte e impostos. &gt;&gt;\u00a0<span style=\"color: #33cccc;\"><a style=\"color: #33cccc;\" href=\"http:\/\/www.imaxesdaterra.com\/gal\/transporte\/\" target=\"_blank\" rel=\"noopener noreferrer\"><span class=\"s1\">VER TRANSPORTE<\/span><\/a><\/span><\/p>\n","protected":false},"excerpt":{"rendered":"<p>As primeiras luces do d\u00eda xa revelan o amencer en Serra do Caurel. Cos seus picos que parecen tocar o ceo, a cordilleira monta\u00f1osa \u00e9nchese de maxia e de n\u00e9boa. Nubes brancas como o algod\u00f3n bailan ao redor das monta\u00f1as e unha brisa fr\u00eda que paraliza o corpo conf\u00fandese con branco do firmamento, que apenas [&hellip;]<\/p>\n","protected":false},"featured_media":4260,"comment_status":"closed","ping_status":"closed","template":"","meta":{"jetpack_post_was_ever_published":false,"jetpack_publicize_message":"","jetpack_is_tweetstorm":false,"jetpack_publicize_feature_enabled":true,"jetpack_social_post_already_shared":true,"jetpack_social_options":{"image_generator_settings":{"template":"highway","enabled":false}}},"product_cat":[144,140],"product_tag":[128,145,155],"jetpack_publicize_connections":[],"jetpack_sharing_enabled":true,"_links":{"self":[{"href":"https:\/\/www.imaxesdaterra.com\/gl\/wp-json\/wp\/v2\/product\/4944"}],"collection":[{"href":"https:\/\/www.imaxesdaterra.com\/gl\/wp-json\/wp\/v2\/product"}],"about":[{"href":"https:\/\/www.imaxesdaterra.com\/gl\/wp-json\/wp\/v2\/types\/product"}],"replies":[{"embeddable":true,"href":"https:\/\/www.imaxesdaterra.com\/gl\/wp-json\/wp\/v2\/comments?post=4944"}],"wp:featuredmedia":[{"embeddable":true,"href":"https:\/\/www.imaxesdaterra.com\/gl\/wp-json\/wp\/v2\/media\/4260"}],"wp:attachment":[{"href":"https:\/\/www.imaxesdaterra.com\/gl\/wp-json\/wp\/v2\/media?parent=4944"}],"wp:term":[{"taxonomy":"product_cat","embeddable":true,"href":"https:\/\/www.imaxesdaterra.com\/gl\/wp-json\/wp\/v2\/product_cat?post=4944"},{"taxonomy":"product_tag","embeddable":true,"href":"https:\/\/www.imaxesdaterra.com\/gl\/wp-json\/wp\/v2\/product_tag?post=4944"}],"curies":[{"name":"wp","href":"https:\/\/api.w.org\/{rel}","templated":true}]}}