{"id":4885,"date":"2017-11-18T08:47:52","date_gmt":"2017-11-18T08:47:52","guid":{"rendered":"https:\/\/www.imaxesdaterra.com\/tienda\/obradoiro\/"},"modified":"2022-03-03T17:12:04","modified_gmt":"2022-03-03T17:12:04","slug":"obradoiro","status":"publish","type":"product","link":"https:\/\/www.imaxesdaterra.com\/gl\/tenda\/obradoiro\/","title":{"rendered":"Obradoiro"},"content":{"rendered":"<div class=\"col_b\">\n<div class=\"textbox\">\n<div id=\"contenedor\" class=\"textarea unknown\">Unha ollada desde as portas da Catedral de Santiago ata o exterior da Praza do Obradoiro e de volta. Unha fermosa arquitectura e un momento m\u00e1xico que nos transporta aos ollos dos peregrinos quen recibe este marabilloso espect\u00e1culo visual ao final do cami\u00f1o. Galicia ten para ofrecer unha das xoias m\u00e1is exquisitas de todas, unha que saca o alento a todo aquel que a admira.<\/div>\n<div class=\"textarea unknown\">Composici\u00f3n creativa en branco e negro de Obradoiro e a s\u00faa praza principal onde se alza impo\u00f1ente a Catedral de Santiago de Compostela. A Praza do Obradoiro o destino final ou o final de ruta para os peregrinos do Cami\u00f1o de Santiago, lugar que alberga este monumento relixioso e que anualmente \u00e9 visitado por miles de persoas. Esta composici\u00f3n fotogr\u00e1fica re\u00fane de maneira orixinal e chea de creatividade as fermosas fachadas da catedral e a s\u00faa vista cara \u00e1 praza.<\/div>\n<div>\n<hr \/>\n<\/div>\n<\/div>\n<\/div>\n<p class=\"p1\"><strong>Pedidos<\/strong><\/p>\n<p class=\"p1\">1. Selecciona o tama\u00f1o desexado.<\/p>\n<p class=\"p1\">2. Revisa os detalles dos soportes ( FineArt, Lenzo o Metacrilato ) &gt;&gt;\u00a0\u00a0<span style=\"color: #33cccc;\"><a style=\"color: #33cccc;\" href=\"http:\/\/www.imaxesdaterra.com\/gal\/soportes\/\" target=\"_blank\" rel=\"noopener noreferrer\"><span class=\"s1\">VER SOPORTES<\/span><\/a><\/span><\/p>\n<p class=\"p1\">3. Selecciona o soporte que m\u00e1is che guste.<\/p>\n<p class=\"p1\">4. Selecciona a cantidade.<\/p>\n<p class=\"p1\">5. Engadir ao carri\u00f1o.<\/p>\n<p class=\"p1\"><strong>Transporte<\/strong><\/p>\n<p class=\"p1\">Revisa os detalles de transporte e impostos. &gt;&gt;\u00a0<span style=\"color: #33cccc;\"><a style=\"color: #33cccc;\" href=\"http:\/\/www.imaxesdaterra.com\/gal\/transporte\/\" target=\"_blank\" rel=\"noopener noreferrer\"><span class=\"s1\">VER TRANSPORTE<\/span><\/a><\/span><\/p>\n","protected":false},"excerpt":{"rendered":"<p>Unha ollada desde as portas da Catedral de Santiago ata o exterior da Praza do Obradoiro e de volta. Unha fermosa arquitectura e un momento m\u00e1xico que nos transporta aos ollos dos peregrinos quen recibe este marabilloso espect\u00e1culo visual ao final do cami\u00f1o. Galicia ten para ofrecer unha das xoias m\u00e1is exquisitas de todas, unha [&hellip;]<\/p>\n","protected":false},"featured_media":4368,"comment_status":"closed","ping_status":"closed","template":"","meta":{"jetpack_post_was_ever_published":false,"jetpack_publicize_message":"","jetpack_is_tweetstorm":false,"jetpack_publicize_feature_enabled":true,"jetpack_social_post_already_shared":true,"jetpack_social_options":{"image_generator_settings":{"template":"highway","enabled":false}}},"product_cat":[146,147],"product_tag":[151,128],"jetpack_publicize_connections":[],"jetpack_sharing_enabled":true,"_links":{"self":[{"href":"https:\/\/www.imaxesdaterra.com\/gl\/wp-json\/wp\/v2\/product\/4885"}],"collection":[{"href":"https:\/\/www.imaxesdaterra.com\/gl\/wp-json\/wp\/v2\/product"}],"about":[{"href":"https:\/\/www.imaxesdaterra.com\/gl\/wp-json\/wp\/v2\/types\/product"}],"replies":[{"embeddable":true,"href":"https:\/\/www.imaxesdaterra.com\/gl\/wp-json\/wp\/v2\/comments?post=4885"}],"wp:featuredmedia":[{"embeddable":true,"href":"https:\/\/www.imaxesdaterra.com\/gl\/wp-json\/wp\/v2\/media\/4368"}],"wp:attachment":[{"href":"https:\/\/www.imaxesdaterra.com\/gl\/wp-json\/wp\/v2\/media?parent=4885"}],"wp:term":[{"taxonomy":"product_cat","embeddable":true,"href":"https:\/\/www.imaxesdaterra.com\/gl\/wp-json\/wp\/v2\/product_cat?post=4885"},{"taxonomy":"product_tag","embeddable":true,"href":"https:\/\/www.imaxesdaterra.com\/gl\/wp-json\/wp\/v2\/product_tag?post=4885"}],"curies":[{"name":"wp","href":"https:\/\/api.w.org\/{rel}","templated":true}]}}