{"id":4872,"date":"2017-11-25T09:57:41","date_gmt":"2017-11-11T09:57:41","guid":{"rendered":"https:\/\/www.imaxesdaterra.com\/tienda\/botafumeiro\/"},"modified":"2022-03-03T17:12:20","modified_gmt":"2022-03-03T17:12:20","slug":"botafumeiro","status":"publish","type":"product","link":"https:\/\/www.imaxesdaterra.com\/gl\/tenda\/botafumeiro\/","title":{"rendered":"Botafumeiro Catedral de Santiago"},"content":{"rendered":"<p>O Botafumeiro purifica a catedral e os seus \u00a0muros cheos de historia. O paso de moitos peregrinos do Cami\u00f1o de Santiago marcaron unha historia que segue crecendo, e que coas portas abertas recibe a miles de devotos que visualizan a un dos s\u00edmbolos m\u00e1is populares da historia.<\/p>\n<p>O enorme incensario da Catedral de Santiago re\u00fane aos fregueses. Un dos s\u00edmbolos m\u00e1is populares, que encho de incenso \u00e1tase a unha longa corda anudada e despr\u00e1zase desde o centro da catedral ata o teito por medio dun mecanismo de poleas. Imaxe que capta o momento exacto desta tradici\u00f3n a portas abertas.<\/p>\n<hr \/>\n<p class=\"p1\"><strong>Pedidos<\/strong><\/p>\n<p class=\"p1\">1. Selecciona o tama\u00f1o desexado.<\/p>\n<p class=\"p1\">2. Revisa os detalles dos soportes &gt;&gt;\u00a0\u00a0<span style=\"color: #33cccc;\"><a style=\"color: #33cccc;\" href=\"https:\/\/www.imaxesdaterra.com\/gal\/soportes\/\" target=\"_blank\" rel=\"noopener noreferrer\"><span class=\"s1\">VER SOPORTES<\/span><\/a><\/span><\/p>\n<p class=\"p1\">3. Selecciona o soporte que m\u00e1is che guste.<\/p>\n<p class=\"p1\">4. Selecciona a cantidade.<\/p>\n<p class=\"p1\">5. Engadir ao carri\u00f1o.<\/p>\n<p class=\"p1\"><strong>Transporte<\/strong><\/p>\n<p class=\"p1\">Revisa os detalles de transporte e impostos &gt;&gt;\u00a0<span style=\"color: #33cccc;\"><a style=\"color: #33cccc;\" href=\"https:\/\/www.imaxesdaterra.com\/gal\/transporte\/\" target=\"_blank\" rel=\"noopener noreferrer\"><span class=\"s1\">VER TRANSPORTE<\/span><\/a><\/span><\/p>\n","protected":false},"excerpt":{"rendered":"<p>O Botafumeiro purifica a catedral e os seus \u00a0muros cheos de historia. O paso de moitos peregrinos do Cami\u00f1o de Santiago marcaron unha historia que segue crecendo, e que coas portas abertas recibe a miles de devotos que visualizan a un dos s\u00edmbolos m\u00e1is populares da historia. O enorme incensario da Catedral de Santiago re\u00fane [&hellip;]<\/p>\n","protected":false},"featured_media":12477,"comment_status":"closed","ping_status":"closed","template":"","meta":{"jetpack_post_was_ever_published":false,"jetpack_publicize_message":"","jetpack_is_tweetstorm":false,"jetpack_publicize_feature_enabled":true,"jetpack_social_post_already_shared":true,"jetpack_social_options":{"image_generator_settings":{"template":"highway","enabled":false}}},"product_cat":[146],"product_tag":[151,128],"jetpack_publicize_connections":[],"jetpack_sharing_enabled":true,"_links":{"self":[{"href":"https:\/\/www.imaxesdaterra.com\/gl\/wp-json\/wp\/v2\/product\/4872"}],"collection":[{"href":"https:\/\/www.imaxesdaterra.com\/gl\/wp-json\/wp\/v2\/product"}],"about":[{"href":"https:\/\/www.imaxesdaterra.com\/gl\/wp-json\/wp\/v2\/types\/product"}],"replies":[{"embeddable":true,"href":"https:\/\/www.imaxesdaterra.com\/gl\/wp-json\/wp\/v2\/comments?post=4872"}],"wp:featuredmedia":[{"embeddable":true,"href":"https:\/\/www.imaxesdaterra.com\/gl\/wp-json\/wp\/v2\/media\/12477"}],"wp:attachment":[{"href":"https:\/\/www.imaxesdaterra.com\/gl\/wp-json\/wp\/v2\/media?parent=4872"}],"wp:term":[{"taxonomy":"product_cat","embeddable":true,"href":"https:\/\/www.imaxesdaterra.com\/gl\/wp-json\/wp\/v2\/product_cat?post=4872"},{"taxonomy":"product_tag","embeddable":true,"href":"https:\/\/www.imaxesdaterra.com\/gl\/wp-json\/wp\/v2\/product_tag?post=4872"}],"curies":[{"name":"wp","href":"https:\/\/api.w.org\/{rel}","templated":true}]}}