{"id":4820,"date":"2017-11-15T16:41:07","date_gmt":"2017-11-15T16:41:07","guid":{"rendered":"https:\/\/www.imaxesdaterra.com\/tienda\/praia-do-pindo\/"},"modified":"2017-12-11T17:32:02","modified_gmt":"2017-12-11T17:32:02","slug":"praia-do-pindo","status":"publish","type":"product","link":"https:\/\/www.imaxesdaterra.com\/gl\/tenda\/praia-do-pindo\/","title":{"rendered":"Praia do Pindo"},"content":{"rendered":"<p>A praia en calma recibe \u00e1 tardi\u00f1a. Areas brancas e suaves son invadidas polas ondas e un grupo de gaivotas descansan nela. Xa a n\u00e9boa apod\u00e9rase do horizonte, envolvendo \u00e1s monta\u00f1as pero sen tocar a auga. Praia do Pindo coa s\u00faa natureza extraordinaria, unha paisaxe galega imposible de esquecer.<\/p>\n<p>Cunha area branca e sempre enche de gaivotas, a Praia do Pindo ten un encanto especial. Unha toma panor\u00e1mica que re\u00fane diversos elementos naturais e enc\u00e9rraos dentro das cores do atardecer. As aves tranquilas en primeiro plano, m\u00e1is al\u00f3 as ondas do mar e no horizonte un faro misterioso rodeado de monta\u00f1as.<\/p>\n<hr \/>\n<p class=\"p1\"><strong>Pedidos<\/strong><\/p>\n<p class=\"p1\">1. Selecciona o tama\u00f1o desexado.<\/p>\n<p class=\"p1\">2. Revisa os detalles dos soportes ( FineArt, Lenzo o Metacrilato ) &gt;&gt;\u00a0\u00a0<span style=\"color: #33cccc;\"><a style=\"color: #33cccc;\" href=\"http:\/\/www.imaxesdaterra.com\/gal\/soportes\/\" target=\"_blank\" rel=\"noopener noreferrer\"><span class=\"s1\">VER SOPORTES<\/span><\/a><\/span><\/p>\n<p class=\"p1\">3. Selecciona o soporte que m\u00e1is che guste.<\/p>\n<p class=\"p1\">4. Selecciona a cantidade.<\/p>\n<p class=\"p1\">5. Engadir ao carri\u00f1o.<\/p>\n<p class=\"p1\"><strong>Transporte<\/strong><\/p>\n<p class=\"p1\">Revisa os detalles de transporte e impostos. &gt;&gt;\u00a0<span style=\"color: #33cccc;\"><a style=\"color: #33cccc;\" href=\"http:\/\/www.imaxesdaterra.com\/gal\/transporte\/\" target=\"_blank\" rel=\"noopener noreferrer\"><span class=\"s1\">VER TRANSPORTE<\/span><\/a><\/span><\/p>\n","protected":false},"excerpt":{"rendered":"<p>A praia en calma recibe \u00e1 tardi\u00f1a. Areas brancas e suaves son invadidas polas ondas e un grupo de gaivotas descansan nela. Xa a n\u00e9boa apod\u00e9rase do horizonte, envolvendo \u00e1s monta\u00f1as pero sen tocar a auga. Praia do Pindo coa s\u00faa natureza extraordinaria, unha paisaxe galega imposible de esquecer. Cunha area branca e sempre enche [&hellip;]<\/p>\n","protected":false},"featured_media":4275,"comment_status":"closed","ping_status":"closed","template":"","meta":{"jetpack_post_was_ever_published":false,"jetpack_publicize_message":"","jetpack_is_tweetstorm":false,"jetpack_publicize_feature_enabled":true,"jetpack_social_post_already_shared":true,"jetpack_social_options":{"image_generator_settings":{"template":"highway","enabled":false}}},"product_cat":[147,139,144,140],"product_tag":[153,128,157],"jetpack_publicize_connections":[],"jetpack_sharing_enabled":true,"_links":{"self":[{"href":"https:\/\/www.imaxesdaterra.com\/gl\/wp-json\/wp\/v2\/product\/4820"}],"collection":[{"href":"https:\/\/www.imaxesdaterra.com\/gl\/wp-json\/wp\/v2\/product"}],"about":[{"href":"https:\/\/www.imaxesdaterra.com\/gl\/wp-json\/wp\/v2\/types\/product"}],"replies":[{"embeddable":true,"href":"https:\/\/www.imaxesdaterra.com\/gl\/wp-json\/wp\/v2\/comments?post=4820"}],"wp:featuredmedia":[{"embeddable":true,"href":"https:\/\/www.imaxesdaterra.com\/gl\/wp-json\/wp\/v2\/media\/4275"}],"wp:attachment":[{"href":"https:\/\/www.imaxesdaterra.com\/gl\/wp-json\/wp\/v2\/media?parent=4820"}],"wp:term":[{"taxonomy":"product_cat","embeddable":true,"href":"https:\/\/www.imaxesdaterra.com\/gl\/wp-json\/wp\/v2\/product_cat?post=4820"},{"taxonomy":"product_tag","embeddable":true,"href":"https:\/\/www.imaxesdaterra.com\/gl\/wp-json\/wp\/v2\/product_tag?post=4820"}],"curies":[{"name":"wp","href":"https:\/\/api.w.org\/{rel}","templated":true}]}}