{"id":4807,"date":"2017-11-20T16:49:53","date_gmt":"2017-11-20T16:49:53","guid":{"rendered":"https:\/\/www.imaxesdaterra.com\/tienda\/pinas-landin\/"},"modified":"2022-03-03T17:12:44","modified_gmt":"2022-03-03T17:12:44","slug":"pinas-landin","status":"publish","type":"product","link":"https:\/\/www.imaxesdaterra.com\/gl\/tenda\/pinas-landin\/","title":{"rendered":"Pinas Land\u00edn"},"content":{"rendered":"<p>Unha pi\u00f1a consumida polo lume. Cores de pureza, renacemento, principio e final. O Castro Land\u00edn conv\u00e9rtese no escenario de enormes fogueiras que celebran cada 23 de Xu\u00f1o. Lume purificador, cores vivas. Rituais e tradici\u00f3ns que non morren cos anos sen\u00f3n que se transforman pasando de xeraci\u00f3n en xeraci\u00f3n. Un facho de pi\u00f1a a lume vivo na celebraci\u00f3n da noite de San Xoan.<\/p>\n<p>O 23 de Xu\u00f1o pola noite, ao chegar o solsticio de ver\u00e1n, cel\u00e9brase no Castro Land\u00edn \u2013 Cuntis un ritual moi especial. 52 fachos de pi\u00f1eiro son acendidas con 7 pi\u00f1as. Cada unha delas simboliza as 52 semanas do ano e os 7 d\u00edas da semana. Tr\u00e1tase dunha das m\u00e1is fermosas tradici\u00f3ns e rituais colectivos das Festas de Galicia, que re\u00fane a unha gran cantidade de xente para compartir nesta m\u00e1xica noite.<\/p>\n<hr \/>\n<p class=\"p1\"><strong>Pedidos<\/strong><\/p>\n<p class=\"p1\">1. Selecciona o tama\u00f1o desexado.<\/p>\n<p class=\"p1\">2. Revisa os detalles dos soportes ( FineArt, Lenzo o Metacrilato ) &gt;&gt;\u00a0\u00a0<span style=\"color: #33cccc;\"><a style=\"color: #33cccc;\" href=\"http:\/\/www.imaxesdaterra.com\/gal\/soportes\/\" target=\"_blank\" rel=\"noopener noreferrer\"><span class=\"s1\">VER SOPORTES<\/span><\/a><\/span><\/p>\n<p class=\"p1\">3. Selecciona o soporte que m\u00e1is che guste.<\/p>\n<p class=\"p1\">4. Selecciona a cantidade.<\/p>\n<p class=\"p1\">5. Engadir ao carri\u00f1o.<\/p>\n<p class=\"p1\"><strong>Transporte<\/strong><\/p>\n<p class=\"p1\">Revisa os detalles de transporte e impostos. &gt;&gt;\u00a0<span style=\"color: #33cccc;\"><a style=\"color: #33cccc;\" href=\"http:\/\/www.imaxesdaterra.com\/gal\/transporte\/\" target=\"_blank\" rel=\"noopener noreferrer\"><span class=\"s1\">VER TRANSPORTE<\/span><\/a><\/span><\/p>\n","protected":false},"excerpt":{"rendered":"<p>Unha pi\u00f1a consumida polo lume. Cores de pureza, renacemento, principio e final. O Castro Land\u00edn conv\u00e9rtese no escenario de enormes fogueiras que celebran cada 23 de Xu\u00f1o. Lume purificador, cores vivas. Rituais e tradici\u00f3ns que non morren cos anos sen\u00f3n que se transforman pasando de xeraci\u00f3n en xeraci\u00f3n. Un facho de pi\u00f1a a lume vivo [&hellip;]<\/p>\n","protected":false},"featured_media":4395,"comment_status":"closed","ping_status":"closed","template":"","meta":{"jetpack_post_was_ever_published":false,"jetpack_publicize_message":"","jetpack_is_tweetstorm":false,"jetpack_publicize_feature_enabled":true,"jetpack_social_post_already_shared":true,"jetpack_social_options":{"image_generator_settings":{"template":"highway","enabled":false}}},"product_cat":[126,144],"product_tag":[128,156],"jetpack_publicize_connections":[],"jetpack_sharing_enabled":true,"_links":{"self":[{"href":"https:\/\/www.imaxesdaterra.com\/gl\/wp-json\/wp\/v2\/product\/4807"}],"collection":[{"href":"https:\/\/www.imaxesdaterra.com\/gl\/wp-json\/wp\/v2\/product"}],"about":[{"href":"https:\/\/www.imaxesdaterra.com\/gl\/wp-json\/wp\/v2\/types\/product"}],"replies":[{"embeddable":true,"href":"https:\/\/www.imaxesdaterra.com\/gl\/wp-json\/wp\/v2\/comments?post=4807"}],"wp:featuredmedia":[{"embeddable":true,"href":"https:\/\/www.imaxesdaterra.com\/gl\/wp-json\/wp\/v2\/media\/4395"}],"wp:attachment":[{"href":"https:\/\/www.imaxesdaterra.com\/gl\/wp-json\/wp\/v2\/media?parent=4807"}],"wp:term":[{"taxonomy":"product_cat","embeddable":true,"href":"https:\/\/www.imaxesdaterra.com\/gl\/wp-json\/wp\/v2\/product_cat?post=4807"},{"taxonomy":"product_tag","embeddable":true,"href":"https:\/\/www.imaxesdaterra.com\/gl\/wp-json\/wp\/v2\/product_tag?post=4807"}],"curies":[{"name":"wp","href":"https:\/\/api.w.org\/{rel}","templated":true}]}}