{"id":4794,"date":"2017-11-20T17:48:57","date_gmt":"2017-11-20T17:48:57","guid":{"rendered":"https:\/\/www.imaxesdaterra.com\/tienda\/catedral-de-santiago\/"},"modified":"2022-03-03T17:12:53","modified_gmt":"2022-03-03T17:12:53","slug":"catedral-de-santiago","status":"publish","type":"product","link":"https:\/\/www.imaxesdaterra.com\/gl\/tenda\/catedral-de-santiago\/","title":{"rendered":"Catedral de Santiago"},"content":{"rendered":"<p>A Catedral de Santiago de Compostela marca o final do cami\u00f1o de centos de peregrinos a diario. Fermosa tarde de ver\u00e1n na Praza do Obradoiro, postal do tempo que alberga un dos m\u00e1is grandes tesouros de Galicia. As cores do ceo, as formas e o ambiente cargado de enerx\u00eda, merg\u00fallannos nunha aventura que chega ao seu fin, coa impo\u00f1ente imaxe da catedral, principio e fin de moitas aventuras.<\/p>\n<p>Fotograf\u00eda da maxestuosa fachada da Catedral de Santiago cos seus impo\u00f1entes picos, nunha tranquila tarde de ver\u00e1n enche de peregrinos. A imaxe re\u00fane os diversos elementos deste destino galego. Por unha banda os peregrinos que chegan ao fin do Cami\u00f1o de Santiago, e por outra un dos m\u00e1is importantes monumentos que se alza sobre as pedras na eterna espera, todo nunha fotograf\u00eda en sepia.<\/p>\n<hr \/>\n<p class=\"p1\"><strong>Pedidos<\/strong><\/p>\n<p class=\"p1\">1. Selecciona o tama\u00f1o desexado.<\/p>\n<p class=\"p1\">2. Revisa os detalles dos soportes ( FineArt, Lenzo o Metacrilato ) >>\u00a0\u00a0<span style=\"color: #33cccc;\"><a style=\"color: #33cccc;\" href=\"http:\/\/www.imaxesdaterra.com\/gal\/soportes\/\" target=\"_blank\" rel=\"noopener noreferrer\"><span class=\"s1\">VER SOPORTES<\/span><\/a><\/span><\/p>\n<p class=\"p1\">3. Selecciona o soporte que m\u00e1is che guste.<\/p>\n<p class=\"p1\">4. Selecciona a cantidade.<\/p>\n<p class=\"p1\">5. Engadir ao carri\u00f1o.<\/p>\n<p class=\"p1\"><strong>Transporte<\/strong><\/p>\n<p class=\"p1\">Revisa os detalles de transporte e impostos. >><span style=\"color: #33cccc;\">\u00a0<a style=\"color: #33cccc;\" href=\"http:\/\/www.imaxesdaterra.com\/gal\/transporte\/\" target=\"_blank\" rel=\"noopener noreferrer\"><span class=\"s1\">VER TRANSPORTE<\/span><\/a><\/span><\/p>\n","protected":false},"excerpt":{"rendered":"<p>A Catedral de Santiago de Compostela marca o final do cami\u00f1o de centos de peregrinos a diario. Fermosa tarde de ver\u00e1n na Praza do Obradoiro, postal do tempo que alberga un dos m\u00e1is grandes tesouros de Galicia. As cores do ceo, as formas e o ambiente cargado de enerx\u00eda, merg\u00fallannos nunha aventura que chega ao [&hellip;]<\/p>\n","protected":false},"featured_media":4346,"comment_status":"closed","ping_status":"closed","template":"","meta":{"jetpack_post_was_ever_published":false,"jetpack_publicize_message":"","jetpack_is_tweetstorm":false,"jetpack_publicize_feature_enabled":true,"jetpack_social_post_already_shared":true,"jetpack_social_options":{"image_generator_settings":{"template":"highway","enabled":false}}},"product_cat":[146,147],"product_tag":[151,128],"jetpack_publicize_connections":[],"jetpack_sharing_enabled":true,"_links":{"self":[{"href":"https:\/\/www.imaxesdaterra.com\/gl\/wp-json\/wp\/v2\/product\/4794"}],"collection":[{"href":"https:\/\/www.imaxesdaterra.com\/gl\/wp-json\/wp\/v2\/product"}],"about":[{"href":"https:\/\/www.imaxesdaterra.com\/gl\/wp-json\/wp\/v2\/types\/product"}],"replies":[{"embeddable":true,"href":"https:\/\/www.imaxesdaterra.com\/gl\/wp-json\/wp\/v2\/comments?post=4794"}],"wp:featuredmedia":[{"embeddable":true,"href":"https:\/\/www.imaxesdaterra.com\/gl\/wp-json\/wp\/v2\/media\/4346"}],"wp:attachment":[{"href":"https:\/\/www.imaxesdaterra.com\/gl\/wp-json\/wp\/v2\/media?parent=4794"}],"wp:term":[{"taxonomy":"product_cat","embeddable":true,"href":"https:\/\/www.imaxesdaterra.com\/gl\/wp-json\/wp\/v2\/product_cat?post=4794"},{"taxonomy":"product_tag","embeddable":true,"href":"https:\/\/www.imaxesdaterra.com\/gl\/wp-json\/wp\/v2\/product_tag?post=4794"}],"curies":[{"name":"wp","href":"https:\/\/api.w.org\/{rel}","templated":true}]}}