{"id":4781,"date":"2017-11-17T06:52:53","date_gmt":"2017-11-17T06:52:53","guid":{"rendered":"https:\/\/www.imaxesdaterra.com\/tienda\/o-centolo\/"},"modified":"2022-03-03T17:13:01","modified_gmt":"2022-03-03T17:13:01","slug":"o-centolo","status":"publish","type":"product","link":"https:\/\/www.imaxesdaterra.com\/gl\/tenda\/o-centolo\/","title":{"rendered":"O Centolo"},"content":{"rendered":"<p>Momento exacto no que o mar furioso choca contra as rocas. Ou Centolo \u00e9 un illote situado nas augas de Fisterra. Mantense eternamente entre as s\u00faas augas para acompa\u00f1ala nos seus d\u00edas de calma e tam\u00e9n en d\u00edas de temporal como leste. O bater furioso transforma a auga en escuma e tras o illote, un remolino de pequenas burbullas busca o seu cami\u00f1o de regreso ao mar.<\/p>\n<p>En Fisterra at\u00f3pase situado este pequeno illote co\u00f1ecido como Ou Centolo. Os d\u00edas de temporal o constante bater das ondas choca contra el, ocasionando esta explosi\u00f3n de auga que regresa novamente ao mar ba\u00f1\u00e1ndoo todo. A imaxe que captura o azul das augas e o impacto das ondas, fainos evocar o suave e r\u00edtmico son do mar e o sabor de sal na boca ao mirar de fronte \u00e1 beira.<\/p>\n<hr \/>\n<p class=\"p1\"><strong>Pedidos<\/strong><\/p>\n<p class=\"p1\">1. Selecciona o tama\u00f1o desexado.<\/p>\n<p class=\"p1\">2. Revisa os detalles dos soportes ( L\u00e1mina, Lenzo o Metacrilato ) >>\u00a0\u00a0<span style=\"color: #33cccc;\"><a style=\"color: #33cccc;\" href=\"http:\/\/www.imaxesdaterra.com\/gal\/soportes\/\" target=\"_blank\" rel=\"noopener noreferrer\"><span class=\"s1\">VER SOPORTES<\/span><\/a><\/span><\/p>\n<p class=\"p1\">3. Selecciona o soporte que m\u00e1is che guste.<\/p>\n<p class=\"p1\">4. Selecciona a cantidade.<\/p>\n<p class=\"p1\">5. Engadir ao carri\u00f1o.<\/p>\n<p class=\"p1\"><strong>Transporte<\/strong><\/p>\n<p class=\"p1\">Revisa os detalles de transporte e impostos. >>\u00a0<a href=\"http:\/\/www.imaxesdaterra.com\/gal\/transporte\/\" target=\"_blank\" rel=\"noopener noreferrer\"><span class=\"s1\">VER TRANSPORTE<\/span><\/a><\/p>\n","protected":false},"excerpt":{"rendered":"<p>Momento exacto no que o mar furioso choca contra as rocas. Ou Centolo \u00e9 un illote situado nas augas de Fisterra. Mantense eternamente entre as s\u00faas augas para acompa\u00f1ala nos seus d\u00edas de calma e tam\u00e9n en d\u00edas de temporal como leste. O bater furioso transforma a auga en escuma e tras o illote, un [&hellip;]<\/p>\n","protected":false},"featured_media":4429,"comment_status":"closed","ping_status":"closed","template":"","meta":{"jetpack_post_was_ever_published":false,"jetpack_publicize_message":"","jetpack_is_tweetstorm":false,"jetpack_publicize_feature_enabled":true,"jetpack_social_post_already_shared":true,"jetpack_social_options":{"image_generator_settings":{"template":"highway","enabled":false}}},"product_cat":[139,144,140],"product_tag":[153,128],"jetpack_publicize_connections":[],"jetpack_sharing_enabled":true,"_links":{"self":[{"href":"https:\/\/www.imaxesdaterra.com\/gl\/wp-json\/wp\/v2\/product\/4781"}],"collection":[{"href":"https:\/\/www.imaxesdaterra.com\/gl\/wp-json\/wp\/v2\/product"}],"about":[{"href":"https:\/\/www.imaxesdaterra.com\/gl\/wp-json\/wp\/v2\/types\/product"}],"replies":[{"embeddable":true,"href":"https:\/\/www.imaxesdaterra.com\/gl\/wp-json\/wp\/v2\/comments?post=4781"}],"wp:featuredmedia":[{"embeddable":true,"href":"https:\/\/www.imaxesdaterra.com\/gl\/wp-json\/wp\/v2\/media\/4429"}],"wp:attachment":[{"href":"https:\/\/www.imaxesdaterra.com\/gl\/wp-json\/wp\/v2\/media?parent=4781"}],"wp:term":[{"taxonomy":"product_cat","embeddable":true,"href":"https:\/\/www.imaxesdaterra.com\/gl\/wp-json\/wp\/v2\/product_cat?post=4781"},{"taxonomy":"product_tag","embeddable":true,"href":"https:\/\/www.imaxesdaterra.com\/gl\/wp-json\/wp\/v2\/product_tag?post=4781"}],"curies":[{"name":"wp","href":"https:\/\/api.w.org\/{rel}","templated":true}]}}