{"id":4768,"date":"2017-11-17T07:03:53","date_gmt":"2017-11-17T07:03:53","guid":{"rendered":"https:\/\/www.imaxesdaterra.com\/tienda\/mar-de-cabo-vilan\/"},"modified":"2022-03-03T17:13:01","modified_gmt":"2022-03-03T17:13:01","slug":"mar-de-cabo-vilan","status":"publish","type":"product","link":"https:\/\/www.imaxesdaterra.com\/gl\/tenda\/mar-de-cabo-vilan\/","title":{"rendered":"Mar de Cabo Vil\u00e1n"},"content":{"rendered":"<p>Mar de fondo en Cabo Vil\u00e1n. Un azul infinito mestura as s\u00faas tonalidades na fr\u00eda auga. As ondas que impactan sobre as pedras as lamen e p\u00faen, formando escuma mari\u00f1a que flota como algod\u00f3n sobre o mar. Formaci\u00f3ns rochosas permanecen eternas entre as augas. Unha cordilleira de rocas que encerra a auga en Cabo Vil\u00e1n e ao fondo un faro mantense vixiante do tempo, sobre un ceo cargado de nubes que se confunden no horizonte.<\/p>\n<p>O d\u00eda est\u00e1 nubrado no mar de Cabo Vil\u00e1n. Horizonte formado de nubes e auga que se perde na infinidade entre formaci\u00f3ns rochosas e altos cant\u00eds. Abaixo a auga m\u00f3vese dun lado a outro lev\u00e1ndoo todo ao seu paso e parando unicamente ante as rocas furiosas no seu cami\u00f1o.<\/p>\n<hr \/>\n<p class=\"p1\"><strong>Pedidos<\/strong><\/p>\n<p class=\"p1\">1. Selecciona o tama\u00f1o desexado.<\/p>\n<p class=\"p1\">2. Revisa os detalles dos soportes \u00a0&gt;&gt;\u00a0\u00a0<span style=\"color: #33cccc;\"><a style=\"color: #33cccc;\" href=\"https:\/\/www.imaxesdaterra.com\/gal\/soportes\/\" target=\"_blank\" rel=\"noopener noreferrer\"><span class=\"s1\">VER SOPORTES<\/span><\/a><\/span><\/p>\n<p class=\"p1\">3. Selecciona o soporte que m\u00e1is che guste.<\/p>\n<p class=\"p1\">4. Selecciona a cantidade.<\/p>\n<p class=\"p1\">5. Engadir ao carri\u00f1o.<\/p>\n<p class=\"p1\"><strong>Transporte<\/strong><\/p>\n<p class=\"p1\">Revisa os detalles de transporte e impostos. &gt;&gt;\u00a0<span style=\"color: #33cccc;\"><a style=\"color: #33cccc;\" href=\"https:\/\/www.imaxesdaterra.com\/gal\/transporte\/\" target=\"_blank\" rel=\"noopener noreferrer\"><span class=\"s1\">VER TRANSPORTE<\/span><\/a><\/span><\/p>\n","protected":false},"excerpt":{"rendered":"<p>Mar de fondo en Cabo Vil\u00e1n. Un azul infinito mestura as s\u00faas tonalidades na fr\u00eda auga. As ondas que impactan sobre as pedras as lamen e p\u00faen, formando escuma mari\u00f1a que flota como algod\u00f3n sobre o mar. Formaci\u00f3ns rochosas permanecen eternas entre as augas. Unha cordilleira de rocas que encerra a auga en Cabo Vil\u00e1n [&hellip;]<\/p>\n","protected":false},"featured_media":8233,"comment_status":"closed","ping_status":"closed","template":"","meta":{"jetpack_post_was_ever_published":false,"jetpack_publicize_message":"","jetpack_is_tweetstorm":false,"jetpack_publicize_feature_enabled":true,"jetpack_social_post_already_shared":true,"jetpack_social_options":{"image_generator_settings":{"template":"highway","enabled":false}}},"product_cat":[138,139,140],"product_tag":[153,128],"jetpack_publicize_connections":[],"jetpack_sharing_enabled":true,"_links":{"self":[{"href":"https:\/\/www.imaxesdaterra.com\/gl\/wp-json\/wp\/v2\/product\/4768"}],"collection":[{"href":"https:\/\/www.imaxesdaterra.com\/gl\/wp-json\/wp\/v2\/product"}],"about":[{"href":"https:\/\/www.imaxesdaterra.com\/gl\/wp-json\/wp\/v2\/types\/product"}],"replies":[{"embeddable":true,"href":"https:\/\/www.imaxesdaterra.com\/gl\/wp-json\/wp\/v2\/comments?post=4768"}],"wp:featuredmedia":[{"embeddable":true,"href":"https:\/\/www.imaxesdaterra.com\/gl\/wp-json\/wp\/v2\/media\/8233"}],"wp:attachment":[{"href":"https:\/\/www.imaxesdaterra.com\/gl\/wp-json\/wp\/v2\/media?parent=4768"}],"wp:term":[{"taxonomy":"product_cat","embeddable":true,"href":"https:\/\/www.imaxesdaterra.com\/gl\/wp-json\/wp\/v2\/product_cat?post=4768"},{"taxonomy":"product_tag","embeddable":true,"href":"https:\/\/www.imaxesdaterra.com\/gl\/wp-json\/wp\/v2\/product_tag?post=4768"}],"curies":[{"name":"wp","href":"https:\/\/api.w.org\/{rel}","templated":true}]}}