{"id":4761,"date":"2017-11-09T12:11:25","date_gmt":"2017-11-09T12:11:25","guid":{"rendered":"https:\/\/www.imaxesdaterra.com\/tienda\/amanecer-sol-torre-de-hercules\/"},"modified":"2021-01-25T17:24:41","modified_gmt":"2021-01-25T17:24:41","slug":"amanecer-sol-torre-de-hercules","status":"publish","type":"product","link":"https:\/\/www.imaxesdaterra.com\/gl\/tenda\/amanecer-sol-torre-de-hercules\/","title":{"rendered":"Amanecer Sol Torre de H\u00e9rcules A Coru\u00f1a"},"content":{"rendered":"<p>O ceo p\u00edntase de cores tostadas ante a sa\u00edda do astro maior. Un sol que ilumina o que toca no seu ascenso, ofrece unha incrible imaxe a contraluz coa Torre de H\u00e9rcules que reflicte o seu alto pico nas augas tranquilas. Chega a calma dun novo d\u00eda. A enerx\u00eda e vitalidade do sol sendo absorbida polo Faro Galego, nun dos amenceres m\u00e1is fermosos na Coru\u00f1a.<\/p>\n<p>Amencer a contra luz. Como din por a\u00ed \u201cAo que madruga Deus axuda\u201d Unha madrugada de tantas, sorprendinme ao atoparme de fronte esta marabillosa imaxe do amencer en contraluz coa Torre de H\u00e9rcules. De a\u00ed sa\u00edu esta incrible fotograf\u00eda, unha das mi\u00f1as favoritas. Dispo\u00f1ible en varios formatos. Este \u00e9 4:3 vertical.<\/p>\n<hr \/>\n<p class=\"p1\"><strong>Pedidos<\/strong><\/p>\n<p class=\"p1\">1. Selecciona o tama\u00f1o desexado.<\/p>\n<p class=\"p1\">2. Revisa os detalles dos soportes &gt;&gt;\u00a0\u00a0<span style=\"color: #33cccc;\"><a style=\"color: #33cccc;\" href=\"https:\/\/www.imaxesdaterra.com\/gal\/soportes\/\" target=\"_blank\" rel=\"noopener noreferrer\"><span class=\"s1\">VER SOPORTES<\/span><\/a><\/span><\/p>\n<p class=\"p1\">3. Selecciona o soporte que m\u00e1is che guste.<\/p>\n<p class=\"p1\">4. Selecciona a cantidade.<\/p>\n<p class=\"p1\">5. Engadir ao carri\u00f1o.<\/p>\n<p class=\"p1\"><strong>Transporte<\/strong><\/p>\n<p class=\"p1\">Revisa os detalles de transporte e impostos. &gt;&gt;\u00a0<span style=\"color: #33cccc;\"><a style=\"color: #33cccc;\" href=\"https:\/\/www.imaxesdaterra.com\/gal\/transporte\/\" target=\"_blank\" rel=\"noopener noreferrer\"><span class=\"s1\">VER TRANSPORTE<\/span><\/a><\/span><\/p>\n","protected":false},"excerpt":{"rendered":"<p>O ceo p\u00edntase de cores tostadas ante a sa\u00edda do astro maior. Un sol que ilumina o que toca no seu ascenso, ofrece unha incrible imaxe a contraluz coa Torre de H\u00e9rcules que reflicte o seu alto pico nas augas tranquilas. Chega a calma dun novo d\u00eda. A enerx\u00eda e vitalidade do sol sendo absorbida [&hellip;]<\/p>\n","protected":false},"featured_media":8345,"comment_status":"closed","ping_status":"closed","template":"","meta":{"jetpack_post_was_ever_published":false,"jetpack_publicize_message":"","jetpack_is_tweetstorm":false,"jetpack_publicize_feature_enabled":true,"jetpack_social_post_already_shared":true,"jetpack_social_options":{"image_generator_settings":{"template":"highway","enabled":false}}},"product_cat":[137,138],"product_tag":[127,128],"jetpack_publicize_connections":[],"jetpack_sharing_enabled":true,"_links":{"self":[{"href":"https:\/\/www.imaxesdaterra.com\/gl\/wp-json\/wp\/v2\/product\/4761"}],"collection":[{"href":"https:\/\/www.imaxesdaterra.com\/gl\/wp-json\/wp\/v2\/product"}],"about":[{"href":"https:\/\/www.imaxesdaterra.com\/gl\/wp-json\/wp\/v2\/types\/product"}],"replies":[{"embeddable":true,"href":"https:\/\/www.imaxesdaterra.com\/gl\/wp-json\/wp\/v2\/comments?post=4761"}],"wp:featuredmedia":[{"embeddable":true,"href":"https:\/\/www.imaxesdaterra.com\/gl\/wp-json\/wp\/v2\/media\/8345"}],"wp:attachment":[{"href":"https:\/\/www.imaxesdaterra.com\/gl\/wp-json\/wp\/v2\/media?parent=4761"}],"wp:term":[{"taxonomy":"product_cat","embeddable":true,"href":"https:\/\/www.imaxesdaterra.com\/gl\/wp-json\/wp\/v2\/product_cat?post=4761"},{"taxonomy":"product_tag","embeddable":true,"href":"https:\/\/www.imaxesdaterra.com\/gl\/wp-json\/wp\/v2\/product_tag?post=4761"}],"curies":[{"name":"wp","href":"https:\/\/api.w.org\/{rel}","templated":true}]}}