{"id":4697,"date":"2017-11-20T12:38:04","date_gmt":"2017-11-20T12:38:04","guid":{"rendered":"https:\/\/www.imaxesdaterra.com\/tienda\/rio-tambre-ponte-nafonso\/"},"modified":"2022-03-03T17:13:25","modified_gmt":"2022-03-03T17:13:25","slug":"rio-tambre-ponte-nafonso","status":"publish","type":"product","link":"https:\/\/www.imaxesdaterra.com\/gl\/tenda\/rio-tambre-ponte-nafonso\/","title":{"rendered":"Ponte Nafonso &#8211; R\u00edo Tambre"},"content":{"rendered":"<p class=\"p1\">D\u00eda de tormenta no r\u00edo Tambre. A natureza galega m\u00f3stranos outra das s\u00faas caras en Ponche Nafonso. Un ceo cargado de nubes grises anuncia a s\u00faa presenza, mentres que o r\u00edo como espello infinito dev\u00f3lvelle o seu reflexo.\u00a0 Xogo de luces e cores sobre o r\u00edo en calma. Pequeni\u00f1as ondulaciones do vento rompen a tranquilidade da superficie, e delimitando este universo natural, unha muralla de monta\u00f1as parece protexer esta paisaxe natural.<\/p>\n<p class=\"p1\">Grandeza, tranquilidade, frescura e calma. Unha imaxe que re\u00fane sentimentos e que nos deixa sen palabras ante esta magn\u00edfica paisaxe galega situado no r\u00edo Tambre en Ponche Nafonso. Ata as tormentas m\u00e1is fortes conv\u00e9rtense en espect\u00e1culos m\u00e1xicos en Galicia.<\/p>\n<hr \/>\n<p class=\"p1\"><strong>Pedidos<\/strong><\/p>\n<p class=\"p1\">1. Selecciona o tama\u00f1o desexado.<\/p>\n<p class=\"p1\">2. Revisa os detalles dos soportes ( FineArt, Lenzo o Metacrilato ) &gt;&gt;\u00a0\u00a0<span style=\"color: #33cccc;\"><a style=\"color: #33cccc;\" href=\"http:\/\/www.imaxesdaterra.com\/gal\/soportes\/\" target=\"_blank\" rel=\"noopener noreferrer\"><span class=\"s1\">VER SOPORTES<\/span><\/a><\/span><\/p>\n<p class=\"p1\">3. Selecciona o soporte que m\u00e1is che guste.<\/p>\n<p class=\"p1\">4. Selecciona a cantidade.<\/p>\n<p class=\"p1\">5. Engadir ao carri\u00f1o.<\/p>\n<p class=\"p1\"><strong>Transporte<\/strong><\/p>\n<p class=\"p1\">Revisa os detalles de transporte e impostos. &gt;&gt;\u00a0<span style=\"color: #33cccc;\"><a style=\"color: #33cccc;\" href=\"http:\/\/www.imaxesdaterra.com\/gal\/transporte\/\" target=\"_blank\" rel=\"noopener noreferrer\"><span class=\"s1\">VER TRANSPORTE<\/span><\/a><\/span><\/p>\n","protected":false},"excerpt":{"rendered":"<p>D\u00eda de tormenta no r\u00edo Tambre. A natureza galega m\u00f3stranos outra das s\u00faas caras en Ponche Nafonso. Un ceo cargado de nubes grises anuncia a s\u00faa presenza, mentres que o r\u00edo como espello infinito dev\u00f3lvelle o seu reflexo.\u00a0 Xogo de luces e cores sobre o r\u00edo en calma. Pequeni\u00f1as ondulaciones do vento rompen a tranquilidade [&hellip;]<\/p>\n","protected":false},"featured_media":4406,"comment_status":"closed","ping_status":"closed","template":"","meta":{"jetpack_post_was_ever_published":false,"jetpack_publicize_message":"","jetpack_is_tweetstorm":false,"jetpack_publicize_feature_enabled":true,"jetpack_social_post_already_shared":true,"jetpack_social_options":{"image_generator_settings":{"template":"highway","enabled":false}}},"product_cat":[144,140],"product_tag":[153,128],"jetpack_publicize_connections":[],"jetpack_sharing_enabled":true,"_links":{"self":[{"href":"https:\/\/www.imaxesdaterra.com\/gl\/wp-json\/wp\/v2\/product\/4697"}],"collection":[{"href":"https:\/\/www.imaxesdaterra.com\/gl\/wp-json\/wp\/v2\/product"}],"about":[{"href":"https:\/\/www.imaxesdaterra.com\/gl\/wp-json\/wp\/v2\/types\/product"}],"replies":[{"embeddable":true,"href":"https:\/\/www.imaxesdaterra.com\/gl\/wp-json\/wp\/v2\/comments?post=4697"}],"wp:featuredmedia":[{"embeddable":true,"href":"https:\/\/www.imaxesdaterra.com\/gl\/wp-json\/wp\/v2\/media\/4406"}],"wp:attachment":[{"href":"https:\/\/www.imaxesdaterra.com\/gl\/wp-json\/wp\/v2\/media?parent=4697"}],"wp:term":[{"taxonomy":"product_cat","embeddable":true,"href":"https:\/\/www.imaxesdaterra.com\/gl\/wp-json\/wp\/v2\/product_cat?post=4697"},{"taxonomy":"product_tag","embeddable":true,"href":"https:\/\/www.imaxesdaterra.com\/gl\/wp-json\/wp\/v2\/product_tag?post=4697"}],"curies":[{"name":"wp","href":"https:\/\/api.w.org\/{rel}","templated":true}]}}