{"id":4671,"date":"2017-11-20T07:11:56","date_gmt":"2017-11-27T07:11:56","guid":{"rendered":"https:\/\/www.imaxesdaterra.com\/tienda\/4671\/"},"modified":"2022-03-03T17:13:48","modified_gmt":"2022-03-03T17:13:48","slug":"palmeiras-petreas-ceo-mosteiro-de-oseira","status":"publish","type":"product","link":"https:\/\/www.imaxesdaterra.com\/gl\/tenda\/palmeiras-petreas-ceo-mosteiro-de-oseira\/","title":{"rendered":"Palmeiras P\u00e9treas Ceo &#8211; Mosteiro de Oseira"},"content":{"rendered":"<p>Maxia, historia e creatividade. Tres elementos reunidos nunha imaxe que retrata \u00e1 perfecci\u00f3n outro punto de vista da Sala das Palmeiras, reun\u00edndoa nun s\u00f3 ceo magn\u00edfico por onde o vexas. Composici\u00f3n dunha xa incrible obra arquitect\u00f3nica iluminada por luces c\u00e1lidas que nos transportan.<\/p>\n<p>Composici\u00f3n creativa da sala capitular do Mosteiro de Oseira, co\u00f1ecido como \u201cSalga das Palmeiras\u201d. Constru\u00edda no s\u00e9culo XV, esta sala sust\u00e9ntase por catro columnas centrais rematando nunha impresionante b\u00f3veda. A fotograf\u00eda busca ofrecer toda a s\u00faa espectacularidade e magnificencia dentro dunha soa imaxe, ofrecendo un punto de vista imposible de apreciar para algu\u00e9n que visita a sala.<\/p>\n<hr \/>\n<p class=\"p1\"><strong>Pedidos<\/strong><\/p>\n<p class=\"p1\">1. Selecciona o tama\u00f1o desexado.<\/p>\n<p class=\"p1\">2. Revisa os detalles dos soportes ( L\u00e1mina, Lenzo o Metacrilato ) &gt;&gt;\u00a0\u00a0<span style=\"color: #33cccc;\"><a style=\"color: #33cccc;\" href=\"http:\/\/www.imaxesdaterra.com\/gal\/soportes\/\" target=\"_blank\" rel=\"noopener noreferrer\"><span class=\"s1\">VER SOPORTES<\/span><\/a><\/span><\/p>\n<p class=\"p1\">3. Selecciona o soporte que m\u00e1is che guste.<\/p>\n<p class=\"p1\">4. Selecciona a cantidade.<\/p>\n<p class=\"p1\">5. Engadir ao carri\u00f1o.<\/p>\n<p class=\"p1\"><strong>Transporte<\/strong><\/p>\n<p class=\"p1\">Revisa os detalles de transporte e impostos. &gt;&gt;\u00a0<span style=\"color: #33cccc;\"><a style=\"color: #33cccc;\" href=\"http:\/\/www.imaxesdaterra.com\/gal\/transporte\/\" target=\"_blank\" rel=\"noopener noreferrer\"><span class=\"s1\">VER TRANSPORTE<\/span><\/a><\/span><\/p>\n","protected":false},"excerpt":{"rendered":"<p>Maxia, historia e creatividade. Tres elementos reunidos nunha imaxe que retrata \u00e1 perfecci\u00f3n outro punto de vista da Sala das Palmeiras, reun\u00edndoa nun s\u00f3 ceo magn\u00edfico por onde o vexas. Composici\u00f3n dunha xa incrible obra arquitect\u00f3nica iluminada por luces c\u00e1lidas que nos transportan. Composici\u00f3n creativa da sala capitular do Mosteiro de Oseira, co\u00f1ecido como \u201cSalga [&hellip;]<\/p>\n","protected":false},"featured_media":4536,"comment_status":"closed","ping_status":"closed","template":"","meta":{"jetpack_post_was_ever_published":false,"jetpack_publicize_message":"","jetpack_is_tweetstorm":false,"jetpack_publicize_feature_enabled":true,"jetpack_social_post_already_shared":false,"jetpack_social_options":{"image_generator_settings":{"template":"highway","enabled":false}}},"product_cat":[146,1306],"product_tag":[128,155],"jetpack_publicize_connections":[],"jetpack_sharing_enabled":true,"_links":{"self":[{"href":"https:\/\/www.imaxesdaterra.com\/gl\/wp-json\/wp\/v2\/product\/4671"}],"collection":[{"href":"https:\/\/www.imaxesdaterra.com\/gl\/wp-json\/wp\/v2\/product"}],"about":[{"href":"https:\/\/www.imaxesdaterra.com\/gl\/wp-json\/wp\/v2\/types\/product"}],"replies":[{"embeddable":true,"href":"https:\/\/www.imaxesdaterra.com\/gl\/wp-json\/wp\/v2\/comments?post=4671"}],"wp:featuredmedia":[{"embeddable":true,"href":"https:\/\/www.imaxesdaterra.com\/gl\/wp-json\/wp\/v2\/media\/4536"}],"wp:attachment":[{"href":"https:\/\/www.imaxesdaterra.com\/gl\/wp-json\/wp\/v2\/media?parent=4671"}],"wp:term":[{"taxonomy":"product_cat","embeddable":true,"href":"https:\/\/www.imaxesdaterra.com\/gl\/wp-json\/wp\/v2\/product_cat?post=4671"},{"taxonomy":"product_tag","embeddable":true,"href":"https:\/\/www.imaxesdaterra.com\/gl\/wp-json\/wp\/v2\/product_tag?post=4671"}],"curies":[{"name":"wp","href":"https:\/\/api.w.org\/{rel}","templated":true}]}}