{"id":4575,"date":"2017-11-17T09:45:23","date_gmt":"2017-11-17T09:45:23","guid":{"rendered":"https:\/\/www.imaxesdaterra.com\/tienda\/posta-de-sol-cabo-tourinan\/"},"modified":"2022-03-03T17:08:43","modified_gmt":"2022-03-03T17:08:43","slug":"posta-de-sol-cabo-tourinan","status":"publish","type":"product","link":"https:\/\/www.imaxesdaterra.com\/gl\/tenda\/posta-de-sol-cabo-tourinan\/","title":{"rendered":"Posta de Sol Cabo Touri\u00f1an"},"content":{"rendered":"<p>As nubes como ex\u00e9rcito loitan contra os \u00faltimos raios do sol da tarde en Cabo Touri\u00f1an e xa se vai percibindo a calma dun mar que s\u00f3 espera a noite, e que non termina de despedirse das \u00faltimas luces do atardecer. As costas son sutilmente tocadas polas ondas suaves e cheas de escuma, e as cores do ceo conf\u00fandense de lonxe nun horizonte que non ten final.<\/p>\n<p>Esta imaxe reg\u00e1lanos un das magn\u00edficas paisaxes de Mux\u00eda en Galicia, un mar cheo de calma que debuxa con claridade o perfil da costa e que \u00e9 dono dunha infinidade de tonalidades azuis que brillan \u00e1 tardi\u00f1a. Unha posta de sol que evoca tranquilidade, paz, brisa mari\u00f1a e o adeus do d\u00eda.\u00a0 Unha paisaxe que nos transporta a unha terra dona dos m\u00e1is belos atardeceres.<\/p>\n<hr \/>\n<p class=\"p1\"><strong>Pedidos<\/strong><\/p>\n<p class=\"p1\">1. Selecciona o tama\u00f1o desexado.<\/p>\n<p class=\"p1\">2. Revisa os detalles dos soportes \u00a0&gt;&gt; <span style=\"color: #00ccff;\">\u00a0<a style=\"color: #00ccff;\" href=\"https:\/\/www.imaxesdaterra.com\/gal\/soportes\/\" target=\"_blank\" rel=\"noopener noreferrer\"><span class=\"s1\">VER SOPORTES<\/span><\/a><\/span><\/p>\n<p class=\"p1\">3. Selecciona o soporte que m\u00e1is che guste.<\/p>\n<p class=\"p1\">4. Selecciona a cantidade.<\/p>\n<p class=\"p1\">5. Engadir ao carri\u00f1o.<\/p>\n<p class=\"p1\"><strong>Transporte<\/strong><\/p>\n<p class=\"p1\">Revisa os detalles de transporte e impostos &gt;&gt;\u00a0<span style=\"color: #00ccff;\"><a style=\"color: #00ccff;\" href=\"https:\/\/www.imaxesdaterra.com\/gal\/transporte\/\" target=\"_blank\" rel=\"noopener noreferrer\"><span class=\"s1\">VER TRANSPORTE<\/span><\/a><\/span><\/p>\n","protected":false},"excerpt":{"rendered":"<p>As nubes como ex\u00e9rcito loitan contra os \u00faltimos raios do sol da tarde en Cabo Touri\u00f1an e xa se vai percibindo a calma dun mar que s\u00f3 espera a noite, e que non termina de despedirse das \u00faltimas luces do atardecer. As costas son sutilmente tocadas polas ondas suaves e cheas de escuma, e as [&hellip;]<\/p>\n","protected":false},"featured_media":8227,"comment_status":"closed","ping_status":"closed","template":"","meta":{"jetpack_post_was_ever_published":false,"jetpack_publicize_message":"","jetpack_is_tweetstorm":false,"jetpack_publicize_feature_enabled":true,"jetpack_social_post_already_shared":true,"jetpack_social_options":{"image_generator_settings":{"template":"highway","enabled":false}}},"product_cat":[137,138,139,140],"product_tag":[153,128],"jetpack_publicize_connections":[],"jetpack_sharing_enabled":true,"_links":{"self":[{"href":"https:\/\/www.imaxesdaterra.com\/gl\/wp-json\/wp\/v2\/product\/4575"}],"collection":[{"href":"https:\/\/www.imaxesdaterra.com\/gl\/wp-json\/wp\/v2\/product"}],"about":[{"href":"https:\/\/www.imaxesdaterra.com\/gl\/wp-json\/wp\/v2\/types\/product"}],"replies":[{"embeddable":true,"href":"https:\/\/www.imaxesdaterra.com\/gl\/wp-json\/wp\/v2\/comments?post=4575"}],"wp:featuredmedia":[{"embeddable":true,"href":"https:\/\/www.imaxesdaterra.com\/gl\/wp-json\/wp\/v2\/media\/8227"}],"wp:attachment":[{"href":"https:\/\/www.imaxesdaterra.com\/gl\/wp-json\/wp\/v2\/media?parent=4575"}],"wp:term":[{"taxonomy":"product_cat","embeddable":true,"href":"https:\/\/www.imaxesdaterra.com\/gl\/wp-json\/wp\/v2\/product_cat?post=4575"},{"taxonomy":"product_tag","embeddable":true,"href":"https:\/\/www.imaxesdaterra.com\/gl\/wp-json\/wp\/v2\/product_tag?post=4575"}],"curies":[{"name":"wp","href":"https:\/\/api.w.org\/{rel}","templated":true}]}}