{"id":12362,"date":"2021-02-08T14:34:55","date_gmt":"2021-02-08T14:34:57","guid":{"rendered":"https:\/\/www.imaxesdaterra.com\/?post_type=product&#038;p=12362"},"modified":"2022-03-03T17:15:56","modified_gmt":"2022-03-03T17:15:56","slug":"toxino","status":"publish","type":"product","link":"https:\/\/www.imaxesdaterra.com\/gl\/tenda\/toxino\/","title":{"rendered":"Toxi\u00f1o"},"content":{"rendered":"<p>A natureza en Galicia nos meses de inverno \u00e9nchese de amarelo, un amarelo intenso que invade as monta\u00f1as coa floraci\u00f3n dos toxos, unha planta t\u00edpica de Galicia, que non \u00e9 moi amigable porque est\u00e1 chea de espi\u00f1as. Pero renace e faise amigable cando florece. Esta dualidade \u00fasase moito en Galicia para dicir que unha persoa \u00e9 un &#8220;Toxi\u00f1o&#8221;.<\/p>\n<hr \/>\n<p class=\"p1\"><strong>Pedidos<\/strong><\/p>\n<p class=\"p1\">1. Selecciona o tama\u00f1o desexado.<\/p>\n<p class=\"p1\">2. Revisa os detalles dos soportes &gt;&gt;\u00a0\u00a0<a href=\"https:\/\/www.imaxesdaterra.com\/gal\/soportes\/\" target=\"_blank\" rel=\"noopener noreferrer\"><span class=\"s1\">VER SOPORTES<\/span><\/a><\/p>\n<p class=\"p1\">3. Selecciona o soporte que m\u00e1is che guste.<\/p>\n<p class=\"p1\">4. Selecciona a cantidade.<\/p>\n<p class=\"p1\">5. Engadir ao carri\u00f1o.<\/p>\n<p class=\"p1\"><strong>Transporte<\/strong><\/p>\n<p class=\"p1\">Revisa os detalles de transporte e impostos &gt;&gt;\u00a0<a href=\"https:\/\/www.imaxesdaterra.com\/gal\/transporte\/\" target=\"_blank\" rel=\"noopener noreferrer\"><span class=\"s1\">VER TRANSPORTE<\/span><\/a><\/p>\n","protected":false},"excerpt":{"rendered":"<p>A natureza en Galicia nos meses de inverno \u00e9nchese de amarelo, un amarelo intenso que invade as monta\u00f1as coa floraci\u00f3n dos toxos, unha planta t\u00edpica de Galicia, que non \u00e9 moi amigable porque est\u00e1 chea de espi\u00f1as. Pero renace e faise amigable cando florece. Esta dualidade \u00fasase moito en Galicia para dicir que unha persoa [&hellip;]<\/p>\n","protected":false},"featured_media":12455,"comment_status":"closed","ping_status":"closed","template":"","meta":{"jetpack_post_was_ever_published":false,"jetpack_publicize_message":"","jetpack_is_tweetstorm":false,"jetpack_publicize_feature_enabled":true,"jetpack_social_post_already_shared":true,"jetpack_social_options":{"image_generator_settings":{"template":"highway","enabled":false}}},"product_cat":[144],"product_tag":[],"jetpack_publicize_connections":[],"jetpack_sharing_enabled":true,"_links":{"self":[{"href":"https:\/\/www.imaxesdaterra.com\/gl\/wp-json\/wp\/v2\/product\/12362"}],"collection":[{"href":"https:\/\/www.imaxesdaterra.com\/gl\/wp-json\/wp\/v2\/product"}],"about":[{"href":"https:\/\/www.imaxesdaterra.com\/gl\/wp-json\/wp\/v2\/types\/product"}],"replies":[{"embeddable":true,"href":"https:\/\/www.imaxesdaterra.com\/gl\/wp-json\/wp\/v2\/comments?post=12362"}],"wp:featuredmedia":[{"embeddable":true,"href":"https:\/\/www.imaxesdaterra.com\/gl\/wp-json\/wp\/v2\/media\/12455"}],"wp:attachment":[{"href":"https:\/\/www.imaxesdaterra.com\/gl\/wp-json\/wp\/v2\/media?parent=12362"}],"wp:term":[{"taxonomy":"product_cat","embeddable":true,"href":"https:\/\/www.imaxesdaterra.com\/gl\/wp-json\/wp\/v2\/product_cat?post=12362"},{"taxonomy":"product_tag","embeddable":true,"href":"https:\/\/www.imaxesdaterra.com\/gl\/wp-json\/wp\/v2\/product_tag?post=12362"}],"curies":[{"name":"wp","href":"https:\/\/api.w.org\/{rel}","templated":true}]}}