{"id":4649,"date":"2017-11-28T14:31:39","date_gmt":"2017-11-28T14:31:39","guid":{"rendered":"https:\/\/www.imaxesdaterra.com\/?page_id=4649"},"modified":"2017-11-28T14:31:39","modified_gmt":"2017-11-28T14:31:39","slug":"condicions-de-compra","status":"publish","type":"page","link":"https:\/\/www.imaxesdaterra.com\/gl\/condicions-de-compra\/","title":{"rendered":"Condici\u00f3ns de compra"},"content":{"rendered":"<p class=\"p1\">As presentes condici\u00f3ns xerais de contrataci\u00f3n apl\u00edcanse a todas as transacci\u00f3ns comerciais realizadas na nosa tenda virtual,\u00a0 IMAXESdaTERRA\u00a0en diante O Vendedor. Para m\u00e1is\u00a0informaci\u00f3n sobre O Vendedor e a nosa Pol\u00edtica de Privacidade consulte o Aviso Legal aloxado en\u00a0o p\u00e9 de cada p\u00e1xina desta tenda. Rog\u00e1moslles que lean atentamente as presentes Condici\u00f3ns de Compra e a nosa Pol\u00edtica de Privacidade antes de realizar o pedido. Se non est\u00e1 Vostede de acordo con todas as Condici\u00f3ns de Compra e coa Pol\u00edtica de Privacidade, non debe realizar ning\u00fan pedido. Identificaci\u00f3n O Vendedor \u00e9 unha unidade de negocio pertencente a Ricardo Camb\u00f3n, provisto de CIF\/ NIF ES52433362D, domiciliada en R\u00faa Berl\u00edn,2 F &#8211; 15707 Santiago de Compostela. Calquera comunicaci\u00f3n poderase dirixir ao domicilio social ou ao tel\u00e9fono +34 981.101.874\u00a0ou a direcci\u00f3n de correo electr\u00f3nico: info @ imaxesdaterra . com Actividade O Vendedor ded\u00edcase \u00e1 venda a distancia, preferentemente por internet, de fotograf\u00edas.<\/p>\n<p class=\"p1\"><strong>Contidos e informaci\u00f3n suministrada no website<\/strong><\/p>\n<div class=\"col_b\">\n<div class=\"textbox\">\n<div id=\"contenedor\" class=\"textarea unknown\">O Vendedor res\u00e9rvase o dereito para modificar a oferta comercial presentada no website (modificaci\u00f3ns sobre produtos, prezos, promoci\u00f3ns e outras condici\u00f3ns comerciais e de servizo) en calquera momento. O Vendedor fai todos os esforzos dentro dos seus medios para ofrecer a informaci\u00f3n contida no website de forma veraz e sen erros tipogr\u00e1ficos. No caso que nalg\u00fan momento produc\u00edsese alg\u00fan erro deste tipo, alleo en todo momento \u00e1 vontade do Vendedor, proceder\u00edase inmediatamente \u00e1 s\u00faa correcci\u00f3n. De existir un erro<br \/>\ntipogr\u00e1fico nalg\u00fan dos prezos mostrados e alg\u00fan cliente tomase unha decisi\u00f3n de compra baseada no devandito erro, O Vendedor comunicaralle ao cliente devandito erro e o cliente ter\u00e1 dereito a rescindir a s\u00faa compra sen ning\u00fan custo pola s\u00faa banda. Os contidos do sitio web O Vendedor poder\u00edan, en ocasi\u00f3ns, mostrar informaci\u00f3n provisional sobre alg\u00fans produtos. No caso que a informaci\u00f3n facilitada non correspondese \u00e1s caracter\u00edsticas do produto o cliente ter\u00e1 dereito a rescindir a s\u00faa compra sen ning\u00fan custo por o seu parte. O Vendedor non \u00e9 responsable nin directa nin indirectamente de ningunha das informaci\u00f3ns, contidos, afirmaci\u00f3ns e expresi\u00f3ns que conte\u00f1an os produtos comercializados polo Vendedor. Dita responsabilidade recae en todo momento nos fabricantes ou distribuidores de devanditos produtos. O cliente entende que O Vendedor \u00e9 un mero intermediario entre el e devandito fabricante ou distribuidor.<\/div>\n<\/div>\n<\/div>\n<p>&nbsp;<\/p>\n<p class=\"p1\"><strong>Sistema de venta<\/strong><\/p>\n<div class=\"col_b\">\n<div class=\"textbox\">\n<div id=\"contenedor\" class=\"textarea unknown\">Para realizar unha compra, o usuario pode elixir entre diversas formas de facernos chegar a s\u00faa pedido: \u2022 Internet a trav\u00e9s do \u00abcarri\u00f1o da compra\u00bb \u2022 Internet a trav\u00e9s do \u00abpedido off- line\u00bb \u2022 Telefonicamente ao tel\u00e9fono de atenci\u00f3n ao cliente: +34 981101874 \u2022 Por carta \u00e1 direcci\u00f3n indicada m\u00e1is arriba ou correo electr\u00f3nico: info @ imaxesdaterra. com<\/div>\n<div><\/div>\n<\/div>\n<\/div>\n<p class=\"p1\"><strong>Impostos aplicables<\/strong><\/p>\n<div class=\"col_b\">\n<div class=\"textbox\">\n<div id=\"contenedor\" class=\"textarea unknown\">Os prezos dos produtos expostos na p\u00e1xina web do Vendedor, incl\u00faen o Imposto sobre o Valor Engadido (IVE) que, no seu caso, sexa procedente aplicar. As compras que vaian ser entregadas dentro do territorio de calquera dos estados membros da Uni\u00f3n Europea estar\u00e1n suxeitas a IVE. As compras que deban ser entregadas en territorios de Estados non membros da Uni\u00f3n Europea, ou en Canarias, Ceuta ou Melilla estar\u00e1n exentas do IVE.<\/div>\n<div><\/div>\n<\/div>\n<\/div>\n<p class=\"p1\"><strong>Forma de pago<\/strong><\/p>\n<p class=\"p1\">\n<div class=\"col_b\">\n<div class=\"textbox\">\n<div id=\"contenedor\" class=\"textarea unknown\">Ao formular o pedido, o cliente pode elixir libremente abonar as compras que realice mediante cart\u00f3n de pago. En determinados casos e para previr posibles fraudes, O Vendedor se reserva a posibilidade de solicitar a un cliente unha forma de pago concreta no caso de que non se acredite fehacientemente a identidade do comprador. O sitio web utiliza t\u00e9cnicas de seguridade de a informaci\u00f3n xeralmente aceptada na industria, tales como firewalls, procedementos de control de acceso e mecanismos criptogr\u00e1ficos, todo iso co obxecto de evitar o acceso non autorizado de datos. Para lograr estes fins, o usuario\/cliente acepta que o prestador obte\u00f1a datos para efecto da correspondente autenticaci\u00f3n dos controis de acceso. Todo proceso de contrataci\u00f3n ou que leve a introduci\u00f3n de datos persoais (sa\u00fade, ideolox\u00eda,\u2026) ser\u00e1n sempre transmitidos mediante protocolo de comunicaci\u00f3n segura ( HTTPS:\/\/) de tal forma que ning\u00fan terceiro te\u00f1a acceso \u00e1 informaci\u00f3n transmitida v\u00eda electr\u00f3nica.<\/div>\n<div><\/div>\n<\/div>\n<\/div>\n<p class=\"p1\"><strong>Forma, gastos e plazo de env\u00edo<\/strong><\/p>\n<div class=\"col_b\">\n<div class=\"textbox\">\n<div id=\"contenedor\" class=\"textarea unknown\">O cliente poder\u00e1 seleccionar a forma de env\u00edo de entre as posibles para a s\u00faa zona de env\u00edo. Deber\u00e1 ter en conta que os prazos de entrega, a calidade do servizo, o punto de entrega e o custo ser\u00e1 diferente para cada forma de transporte. O Vendedor env\u00eda os pedidos aos seus clientes a trav\u00e9s de diferentes empresas de transporte urxente de reco\u00f1ecido prestixio nacional e internacional. A data de entrega no domicilio do cliente depende da dispo\u00f1ibilidade do produto escollido e da zona de env\u00edo. Os prazos de transporte orientativos est\u00e1n dispo\u00f1ibles no apartado da nosa web \u00abGastos de Env\u00edo\u00bb. Antes de confirmar o seu pedido informar\u00e1selle ao cliente sobre uns gastos de env\u00edo e prazos de transporte, ambos os orientativos, que aplican ao seu pedido en concreto. Con todo, ambos poder\u00e1n variar en funci\u00f3n das circunstancias concretas de cada pedido. En especial: Os prazos de transporte p\u00f3dense ver alterados por incidencias extraordinarias no transportista e por dificultades na entrega da mercador\u00eda. Os gastos de env\u00edo que aparecen na web ao realizar o pedido son orientativos e se calculan en base a un peso estat\u00edstico medio. O Vendedor res\u00e9rvase o dereito a alterar os custos de env\u00edo cando o peso solicitados var\u00ede en m\u00e1is\/menos un 10% con respecto ao peso medio mencionado. En caso de producirse unha variaci\u00f3n de prezo, O Vendedor comunicar\u00e1 por medio de correo electr\u00f3nico ao cliente a variaci\u00f3n e o cliente poder\u00e1 optar por anular o seu pedido sen que se lle poida imputar ning\u00fan custo. Dereitos do comprador e pol\u00edtica de devoluci\u00f3ns Cancelaci\u00f3n de pedidos:\u00a0\u00a0 IMAXESdaTERRA, \u00a0poder\u00e1 cancelar un pedido durante as 24 horas posteriores \u00e1 solicitude\u00a0realizada\u00a0polo Cliente, por algunha das raz\u00f3ns seguintes: Falta de stocks, Non confirmaci\u00f3n\u00a0 do pago,\u00a0Imposibilidade ou problemas de env\u00edo provenientes da compa\u00f1\u00eda. En todos os casos, o Cliente ser\u00e1 puntualmente informado e, en caso de recibir alg\u00fan cargo, ser\u00e1 reembolsado.\u00a0 Se se desexa cancelar un pedido unha vez finalizada a venda en curso, d\u00e9bese proceder a realizar\u00a0a s\u00faa devoluci\u00f3n.<\/div>\n<div><\/div>\n<\/div>\n<\/div>\n<p class=\"p1\">\n<p class=\"p1\"><strong>Devolucions<\/strong><\/p>\n<p class=\"p1\">\n<div class=\"col_b\">\n<div class=\"textbox\">\n<div id=\"contenedor\" class=\"textarea unknown\">Non se aceptar\u00e1n devoluci\u00f3ns de artigos fabricados a medida a laboratorio, salvo defectos de fabricaci\u00f3n ou transporte. Ten dereito a devolver a mercador\u00eda dentro dun per\u00edodo de catorce d\u00edas h\u00e1biles contados desde a data de recepci\u00f3n do produto. P\u00f3rtelos correr\u00e1n a cargo do cliente e deber\u00e1 indicarse claramente o n\u00famero de factura. Aceptaranse todos os produtos que ve\u00f1an no seu embalaxe orixinal e sen usar, previa comprobaci\u00f3n de que a mercador\u00eda se atopa en perfecto estado. Se un produto distinto ao solicitado polo cliente fose entregado por erro do Vendedor, este lle ser\u00e1 retirado e entregar\u00e1selle o produto correcto sen ning\u00fan cargo adicional para o comprador. A Comisi\u00f3n Europea facilita unha plataforma de resoluci\u00f3n de litixios en li\u00f1a, a cal se atopa dispo\u00f1ible na seguinte ligaz\u00f3n: http:\/\/ec.europa.eu\/consumers\/odr\/. Os consumidores poder\u00e1n someter as s\u00faas reclamaci\u00f3ns a trav\u00e9s da plataforma de resoluci\u00f3n de litixios en li\u00f1a. Para calquera incidencia relacionada coa devoluci\u00f3n de artigos de nosa tenda pode contactar co noso Departamento de Atenci\u00f3n ao cliente v\u00eda email: info @ imaxesdaterra . com ou \u00a0por tel\u00e9fono +34 981101874.<\/div>\n<div><\/div>\n<\/div>\n<\/div>\n<p class=\"p1\"><strong>Obligacions do cliente<\/strong><\/p>\n<p class=\"p1\">\n<div class=\"col_b\">\n<div class=\"textbox\">\n<div id=\"contenedor\" class=\"textarea unknown\">O cliente do Vendedor comprom\u00e9tese en todo momento a facilitar informaci\u00f3n veraz sobre os datos solicitados nos formularios de rexistro de usuario ou de realizaci\u00f3n do pedido, e a mantelos actualizados en todo momento. O cliente comprom\u00e9tese a aceptar todas as disposici\u00f3ns e condici\u00f3ns recollidas nas presentes Condici\u00f3ns Xerais de Contrataci\u00f3n entendendo que recollen a mellor vontade de servizo posible para o tipo de actividade que desenvolve O Vendedor. As\u00ed mesmo, comprom\u00e9tese a gardar de forma confidencial e coa m\u00e1xima dilixencia as s\u00faas claves de acceso persoal ao noso sitio web. O cliente comprom\u00e9tese a posibilitar a entrega do pedido solicitado facilitando unha direcci\u00f3n de entrega na que poida ser entregado o pedido solicitado dentro do horario habitual de entrega de mercador\u00edas (de luns a venres de 10:00 a 13:30 e de 16:00 a 18:00). En caso de incumprimento por parte do cliente desta obrigaci\u00f3n, O Vendedor non ter\u00e1 ningunha responsabilidade sobre o atraso ou imposibilidade de entrega do pedido solicitado polo cliente.<\/div>\n<div><\/div>\n<\/div>\n<\/div>\n<p class=\"p1\"><strong>Legislaci\u00f3n aplicable e jurisdicci\u00f3n competente<\/strong><\/p>\n<p class=\"p1\">As compravendas realizadas co Vendedor som\u00e9tense \u00e1 lexislaci\u00f3n de\u00a0Espa\u00f1a. En caso de calquera conflito ou discrepancia, o foro aplicable ser\u00e1 o dos Xulgados ou Tribunais de o\u00a0comprador.<\/p>\n<p class=\"p1\">\n","protected":false},"excerpt":{"rendered":"<p>As presentes condici\u00f3ns xerais de contrataci\u00f3n apl\u00edcanse a todas as transacci\u00f3ns comerciais realizadas na nosa tenda virtual,\u00a0 IMAXESdaTERRA\u00a0en diante O Vendedor. Para m\u00e1is\u00a0informaci\u00f3n sobre O Vendedor e a nosa Pol\u00edtica de Privacidade consulte o Aviso Legal aloxado en\u00a0o p\u00e9 de cada p\u00e1xina desta tenda. Rog\u00e1moslles que lean atentamente as presentes Condici\u00f3ns de Compra e a [&hellip;]<\/p>\n","protected":false},"author":1,"featured_media":0,"parent":0,"menu_order":0,"comment_status":"closed","ping_status":"closed","template":"","meta":{"jetpack_post_was_ever_published":false},"yst_prominent_words":[],"jetpack_sharing_enabled":true,"jetpack_shortlink":"https:\/\/wp.me\/P8tMdy-1cZ","_links":{"self":[{"href":"https:\/\/www.imaxesdaterra.com\/gl\/wp-json\/wp\/v2\/pages\/4649"}],"collection":[{"href":"https:\/\/www.imaxesdaterra.com\/gl\/wp-json\/wp\/v2\/pages"}],"about":[{"href":"https:\/\/www.imaxesdaterra.com\/gl\/wp-json\/wp\/v2\/types\/page"}],"author":[{"embeddable":true,"href":"https:\/\/www.imaxesdaterra.com\/gl\/wp-json\/wp\/v2\/users\/1"}],"replies":[{"embeddable":true,"href":"https:\/\/www.imaxesdaterra.com\/gl\/wp-json\/wp\/v2\/comments?post=4649"}],"version-history":[{"count":1,"href":"https:\/\/www.imaxesdaterra.com\/gl\/wp-json\/wp\/v2\/pages\/4649\/revisions"}],"predecessor-version":[{"id":4650,"href":"https:\/\/www.imaxesdaterra.com\/gl\/wp-json\/wp\/v2\/pages\/4649\/revisions\/4650"}],"wp:attachment":[{"href":"https:\/\/www.imaxesdaterra.com\/gl\/wp-json\/wp\/v2\/media?parent=4649"}],"wp:term":[{"taxonomy":"yst_prominent_words","embeddable":true,"href":"https:\/\/www.imaxesdaterra.com\/gl\/wp-json\/wp\/v2\/yst_prominent_words?post=4649"}],"curies":[{"name":"wp","href":"https:\/\/api.w.org\/{rel}","templated":true}]}}