{"id":4589,"date":"2017-03-12T18:47:56","date_gmt":"2017-03-12T18:47:56","guid":{"rendered":"https:\/\/www.imaxesdaterra.com\/soportes\/"},"modified":"2022-03-03T17:45:58","modified_gmt":"2022-03-03T17:45:58","slug":"soportes","status":"publish","type":"page","link":"https:\/\/www.imaxesdaterra.com\/gl\/soportes\/","title":{"rendered":"Soportes"},"content":{"rendered":"<p><strong>L\u00c1MINA FOTOGR\u00c1FICA<\/strong><\/p>\n<p><img decoding=\"async\" loading=\"lazy\" class=\"alignnone size-full wp-image-1381\" src=\"https:\/\/i0.wp.com\/www.imaxesdaterra.com\/wp-content\/uploads\/2017\/03\/banner_laminas.jpg?resize=162%2C150&#038;ssl=1\" alt=\"\" width=\"162\" height=\"150\" data-recalc-dims=\"1\" \/><img decoding=\"async\" loading=\"lazy\" class=\"alignnone wp-image-1382 size-full\" src=\"https:\/\/i0.wp.com\/www.imaxesdaterra.com\/wp-content\/uploads\/2017\/03\/banner_tubo.jpg?resize=188%2C150&#038;ssl=1\" alt=\"\" width=\"188\" height=\"150\" data-recalc-dims=\"1\" \/><\/p>\n<ul>\n<li class=\"p1\">\u00a0Papel fotogr\u00e1fico satinado de 270 gr. \u00a0de m\u00e1xima calidade.<\/li>\n<li class=\"p1\">\u00a0O acabado satinado vai sen laminar, e esta pensado para enmarcar con cristal.<\/li>\n<li class=\"p1\">Se a prefires en papel brillo ou papel fine-art, \u00a0cont\u00e1cta por mail ao facer o pedido.<\/li>\n<li class=\"p1\"><strong> Env\u00edase a todo o mundo.<\/strong><\/li>\n<\/ul>\n<p>&nbsp;<\/p>\n<p><strong>LENZO<\/strong><\/p>\n<p><img decoding=\"async\" loading=\"lazy\" class=\"alignnone wp-image-1383 size-full\" src=\"https:\/\/i0.wp.com\/www.imaxesdaterra.com\/wp-content\/uploads\/2017\/03\/banner_lienzo2.jpg?resize=230%2C150&#038;ssl=1\" alt=\"\" width=\"230\" height=\"150\" data-recalc-dims=\"1\" \/><img decoding=\"async\" loading=\"lazy\" class=\"alignnone wp-image-1384 size-full\" src=\"https:\/\/i0.wp.com\/www.imaxesdaterra.com\/wp-content\/uploads\/2017\/03\/banner_lienzo1.jpg?resize=194%2C150&#038;ssl=1\" alt=\"\" width=\"194\" height=\"150\" data-recalc-dims=\"1\" \/><\/p>\n<ul>\n<li class=\"p1\">Fotograf\u00eda impresa directamente sobre lenzo.<\/li>\n<li class=\"p1\">Montada sobre un bastidor de madeira.<\/li>\n<li class=\"p1\">Os cantos van impresos coa mesma foto, se os queres en cor branca ou negra\u00a0 cont\u00e1ctar ao facer o pedido.<\/li>\n<li class=\"p1\">P\u00f3dese limpar cun pano h\u00famido.<\/li>\n<li class=\"p1\">O lenzo \u00e9 un soporte moi popular que queda moi ben e \u00e9 econ\u00f3mico.\u00a0 ( logo tam\u00e9n lle podes engadir un marco se queres)<\/li>\n<li class=\"p1\"><strong> Non se env\u00eda f\u00f3ra de Uni\u00f3n Europea.<\/strong><\/li>\n<\/ul>\n<p>&nbsp;<\/p>\n<p><b>MADEIRA<\/b><\/p>\n<p><img data-attachment-id=\"12586\" data-permalink=\"https:\/\/www.imaxesdaterra.com\/gl\/soportes\/madera01-2\/\" data-orig-file=\"https:\/\/i0.wp.com\/www.imaxesdaterra.com\/wp-content\/uploads\/2022\/02\/madera01.png?fit=1018%2C1074&amp;ssl=1\" data-orig-size=\"1018,1074\" data-comments-opened=\"0\" data-image-meta=\"{&quot;aperture&quot;:&quot;0&quot;,&quot;credit&quot;:&quot;&quot;,&quot;camera&quot;:&quot;&quot;,&quot;caption&quot;:&quot;&quot;,&quot;created_timestamp&quot;:&quot;0&quot;,&quot;copyright&quot;:&quot;&quot;,&quot;focal_length&quot;:&quot;0&quot;,&quot;iso&quot;:&quot;0&quot;,&quot;shutter_speed&quot;:&quot;0&quot;,&quot;title&quot;:&quot;&quot;,&quot;orientation&quot;:&quot;0&quot;}\" data-image-title=\"madera01\" data-image-description=\"\" data-image-caption=\"\" data-medium-file=\"https:\/\/i0.wp.com\/www.imaxesdaterra.com\/wp-content\/uploads\/2022\/02\/madera01.png?fit=284%2C300&amp;ssl=1\" data-large-file=\"https:\/\/i0.wp.com\/www.imaxesdaterra.com\/wp-content\/uploads\/2022\/02\/madera01.png?fit=953%2C1005&amp;ssl=1\" decoding=\"async\" loading=\"lazy\" class=\"alignnone wp-image-12586 size-thumbnail\" src=\"https:\/\/i0.wp.com\/www.imaxesdaterra.com\/wp-content\/uploads\/2022\/02\/madera01.png?resize=150%2C150&#038;ssl=1\" alt=\"\" width=\"150\" height=\"150\" srcset=\"https:\/\/i0.wp.com\/www.imaxesdaterra.com\/wp-content\/uploads\/2022\/02\/madera01.png?resize=150%2C150&amp;ssl=1 150w, https:\/\/i0.wp.com\/www.imaxesdaterra.com\/wp-content\/uploads\/2022\/02\/madera01.png?resize=100%2C100&amp;ssl=1 100w, https:\/\/i0.wp.com\/www.imaxesdaterra.com\/wp-content\/uploads\/2022\/02\/madera01.png?zoom=2&amp;resize=150%2C150&amp;ssl=1 300w, https:\/\/i0.wp.com\/www.imaxesdaterra.com\/wp-content\/uploads\/2022\/02\/madera01.png?zoom=3&amp;resize=150%2C150&amp;ssl=1 450w\" sizes=\"(max-width: 150px) 100vw, 150px\" data-recalc-dims=\"1\" \/><img data-attachment-id=\"12588\" data-permalink=\"https:\/\/www.imaxesdaterra.com\/gl\/soportes\/madera02-2\/\" data-orig-file=\"https:\/\/i0.wp.com\/www.imaxesdaterra.com\/wp-content\/uploads\/2022\/02\/madera02.png?fit=996%2C994&amp;ssl=1\" data-orig-size=\"996,994\" data-comments-opened=\"0\" data-image-meta=\"{&quot;aperture&quot;:&quot;0&quot;,&quot;credit&quot;:&quot;&quot;,&quot;camera&quot;:&quot;&quot;,&quot;caption&quot;:&quot;&quot;,&quot;created_timestamp&quot;:&quot;0&quot;,&quot;copyright&quot;:&quot;&quot;,&quot;focal_length&quot;:&quot;0&quot;,&quot;iso&quot;:&quot;0&quot;,&quot;shutter_speed&quot;:&quot;0&quot;,&quot;title&quot;:&quot;&quot;,&quot;orientation&quot;:&quot;0&quot;}\" data-image-title=\"madera02\" data-image-description=\"\" data-image-caption=\"\" data-medium-file=\"https:\/\/i0.wp.com\/www.imaxesdaterra.com\/wp-content\/uploads\/2022\/02\/madera02.png?fit=300%2C300&amp;ssl=1\" data-large-file=\"https:\/\/i0.wp.com\/www.imaxesdaterra.com\/wp-content\/uploads\/2022\/02\/madera02.png?fit=953%2C951&amp;ssl=1\" decoding=\"async\" loading=\"lazy\" class=\"alignnone wp-image-12588 size-thumbnail\" src=\"https:\/\/i0.wp.com\/www.imaxesdaterra.com\/wp-content\/uploads\/2022\/02\/madera02.png?resize=150%2C150&#038;ssl=1\" alt=\"\" width=\"150\" height=\"150\" srcset=\"https:\/\/i0.wp.com\/www.imaxesdaterra.com\/wp-content\/uploads\/2022\/02\/madera02.png?resize=150%2C150&amp;ssl=1 150w, https:\/\/i0.wp.com\/www.imaxesdaterra.com\/wp-content\/uploads\/2022\/02\/madera02.png?resize=300%2C300&amp;ssl=1 300w, https:\/\/i0.wp.com\/www.imaxesdaterra.com\/wp-content\/uploads\/2022\/02\/madera02.png?resize=768%2C766&amp;ssl=1 768w, https:\/\/i0.wp.com\/www.imaxesdaterra.com\/wp-content\/uploads\/2022\/02\/madera02.png?resize=953%2C951&amp;ssl=1 953w, https:\/\/i0.wp.com\/www.imaxesdaterra.com\/wp-content\/uploads\/2022\/02\/madera02.png?resize=457%2C457&amp;ssl=1 457w, https:\/\/i0.wp.com\/www.imaxesdaterra.com\/wp-content\/uploads\/2022\/02\/madera02.png?resize=468%2C467&amp;ssl=1 468w, https:\/\/i0.wp.com\/www.imaxesdaterra.com\/wp-content\/uploads\/2022\/02\/madera02.png?resize=869%2C867&amp;ssl=1 869w, https:\/\/i0.wp.com\/www.imaxesdaterra.com\/wp-content\/uploads\/2022\/02\/madera02.png?resize=100%2C100&amp;ssl=1 100w, https:\/\/i0.wp.com\/www.imaxesdaterra.com\/wp-content\/uploads\/2022\/02\/madera02.png?w=996&amp;ssl=1 996w\" sizes=\"(max-width: 150px) 100vw, 150px\" data-recalc-dims=\"1\" \/><img data-attachment-id=\"12590\" data-permalink=\"https:\/\/www.imaxesdaterra.com\/gl\/soportes\/madera03-2\/\" data-orig-file=\"https:\/\/i0.wp.com\/www.imaxesdaterra.com\/wp-content\/uploads\/2022\/02\/madera03.png?fit=990%2C990&amp;ssl=1\" data-orig-size=\"990,990\" data-comments-opened=\"0\" data-image-meta=\"{&quot;aperture&quot;:&quot;0&quot;,&quot;credit&quot;:&quot;&quot;,&quot;camera&quot;:&quot;&quot;,&quot;caption&quot;:&quot;&quot;,&quot;created_timestamp&quot;:&quot;0&quot;,&quot;copyright&quot;:&quot;&quot;,&quot;focal_length&quot;:&quot;0&quot;,&quot;iso&quot;:&quot;0&quot;,&quot;shutter_speed&quot;:&quot;0&quot;,&quot;title&quot;:&quot;&quot;,&quot;orientation&quot;:&quot;0&quot;}\" data-image-title=\"madera03\" data-image-description=\"\" data-image-caption=\"\" data-medium-file=\"https:\/\/i0.wp.com\/www.imaxesdaterra.com\/wp-content\/uploads\/2022\/02\/madera03.png?fit=300%2C300&amp;ssl=1\" data-large-file=\"https:\/\/i0.wp.com\/www.imaxesdaterra.com\/wp-content\/uploads\/2022\/02\/madera03.png?fit=953%2C953&amp;ssl=1\" decoding=\"async\" loading=\"lazy\" class=\"alignnone wp-image-12590 size-thumbnail\" src=\"https:\/\/i0.wp.com\/www.imaxesdaterra.com\/wp-content\/uploads\/2022\/02\/madera03.png?resize=150%2C150&#038;ssl=1\" alt=\"\" width=\"150\" height=\"150\" srcset=\"https:\/\/i0.wp.com\/www.imaxesdaterra.com\/wp-content\/uploads\/2022\/02\/madera03.png?resize=150%2C150&amp;ssl=1 150w, https:\/\/i0.wp.com\/www.imaxesdaterra.com\/wp-content\/uploads\/2022\/02\/madera03.png?resize=300%2C300&amp;ssl=1 300w, https:\/\/i0.wp.com\/www.imaxesdaterra.com\/wp-content\/uploads\/2022\/02\/madera03.png?resize=768%2C768&amp;ssl=1 768w, https:\/\/i0.wp.com\/www.imaxesdaterra.com\/wp-content\/uploads\/2022\/02\/madera03.png?resize=953%2C953&amp;ssl=1 953w, https:\/\/i0.wp.com\/www.imaxesdaterra.com\/wp-content\/uploads\/2022\/02\/madera03.png?resize=457%2C457&amp;ssl=1 457w, https:\/\/i0.wp.com\/www.imaxesdaterra.com\/wp-content\/uploads\/2022\/02\/madera03.png?resize=468%2C468&amp;ssl=1 468w, https:\/\/i0.wp.com\/www.imaxesdaterra.com\/wp-content\/uploads\/2022\/02\/madera03.png?resize=869%2C869&amp;ssl=1 869w, https:\/\/i0.wp.com\/www.imaxesdaterra.com\/wp-content\/uploads\/2022\/02\/madera03.png?resize=100%2C100&amp;ssl=1 100w, https:\/\/i0.wp.com\/www.imaxesdaterra.com\/wp-content\/uploads\/2022\/02\/madera03.png?w=990&amp;ssl=1 990w\" sizes=\"(max-width: 150px) 100vw, 150px\" data-recalc-dims=\"1\" \/><\/p>\n<ul>\n<li class=\"p1\">Fotograf\u00eda impresa e laminada en brillo, montada sobre soporte de madeira de 10mm.<\/li>\n<li>\u00c9 un soporte resistente, cun acabado laminado brillante que resalta as fotograf\u00edas.<\/li>\n<li>O canto por defecto vai en negro, si queres outra cor contactanos o facer o pedido.<\/li>\n<li>Marco colgador para separar da parede xerando un efecto de profundidade.<\/li>\n<li>P\u00f3dese limpar cun pano h\u00famido.<\/li>\n<li class=\"p1\"><strong>Non se env\u00eda f\u00f3ra de Uni\u00f3n Europea.<\/strong><\/li>\n<\/ul>\n<p>&nbsp;<\/p>\n<p><strong>METACRILATO<\/strong><\/p>\n<p><img decoding=\"async\" loading=\"lazy\" class=\"alignnone wp-image-1385 size-full\" src=\"https:\/\/i0.wp.com\/www.imaxesdaterra.com\/wp-content\/uploads\/2017\/03\/banner_metacrilato2.jpg?resize=281%2C150&#038;ssl=1\" alt=\"\" width=\"281\" height=\"150\" data-recalc-dims=\"1\" \/><img decoding=\"async\" loading=\"lazy\" class=\"alignnone wp-image-1386 size-full\" src=\"https:\/\/i0.wp.com\/www.imaxesdaterra.com\/wp-content\/uploads\/2017\/03\/banner_metacrilato3.jpg?resize=139%2C150&#038;ssl=1\" alt=\"\" width=\"139\" height=\"150\" data-recalc-dims=\"1\" \/><img decoding=\"async\" loading=\"lazy\" class=\"alignnone wp-image-1387 size-full\" src=\"https:\/\/i0.wp.com\/www.imaxesdaterra.com\/wp-content\/uploads\/2017\/03\/banner_metacrilato1.jpg?resize=169%2C150&#038;ssl=1\" alt=\"\" width=\"169\" height=\"150\" data-recalc-dims=\"1\" \/><\/p>\n<ul>\n<li class=\"p1\">Impr\u00edmese o papel fotogr\u00e1fico 260 gr. laminado sobre placa de metacrilato de 5 mm.<\/li>\n<li class=\"p1\">Marco colgador de aluminio de 2 cm para separar da parede, xerando un efecto de profundidade espectacular.<\/li>\n<li class=\"p1\">O soporte de metacrilato \u00e9 de m\u00e1xima calidade e resistencia, coa mellor relaci\u00f3n calidade prezo.<\/li>\n<li>P\u00f3dese limpar cun pano h\u00famido.<\/li>\n<li class=\"p1\"><strong> Non se env\u00eda f\u00f3ra de Uni\u00f3n Europea.<\/strong><\/li>\n<\/ul>\n<p>&nbsp;<\/p>\n<p><strong>MARCA DE AUGA<\/strong><\/p>\n<ul>\n<li>A marca de auga \u00a0grande que se ve nas fotos da tenda online, e que pon &#8220;IMAXESdaTERRA&#8221; non aparece nas fotos impresas ese tama\u00f1o. \u00a0Soamente un cr\u00e9dito en texto de letra pequena nunha esquina, s\u00f3 visible se nos achegamos moito.<\/li>\n<\/ul>\n<p><strong>PEDIDOS ESPECIAIS<\/strong><\/p>\n<ul>\n<li><a href=\"https:\/\/www.imaxesdaterra.com\/contacto\/\" target=\"_blank\" rel=\"noopener noreferrer\">@Cont\u00e1ctar<\/a> se necesitas un tama\u00f1o diferente aos que ofrecemos e vemos se se pode facer.<\/li>\n<\/ul>\n<p>&nbsp;<\/p>\n","protected":false},"excerpt":{"rendered":"<p>L\u00c1MINA FOTOGR\u00c1FICA \u00a0Papel fotogr\u00e1fico satinado de 270 gr. \u00a0de m\u00e1xima calidade. \u00a0O acabado satinado vai sen laminar, e esta pensado para enmarcar con cristal. Se a prefires en papel brillo ou papel fine-art, \u00a0cont\u00e1cta por mail ao facer o pedido. Env\u00edase a todo o mundo. &nbsp; LENZO Fotograf\u00eda impresa directamente sobre lenzo. Montada sobre un [&hellip;]<\/p>\n","protected":false},"author":1,"featured_media":0,"parent":0,"menu_order":0,"comment_status":"closed","ping_status":"closed","template":"template-fullwidth.php","meta":{"jetpack_post_was_ever_published":false},"yst_prominent_words":[1175,1320,1341,1331,1176,1174,1179,1180,1177,1323,1319,1317,1339,1321,1318,1316,1315,1340,1332,1334],"jetpack_sharing_enabled":true,"jetpack_shortlink":"https:\/\/wp.me\/P8tMdy-1c1","_links":{"self":[{"href":"https:\/\/www.imaxesdaterra.com\/gl\/wp-json\/wp\/v2\/pages\/4589"}],"collection":[{"href":"https:\/\/www.imaxesdaterra.com\/gl\/wp-json\/wp\/v2\/pages"}],"about":[{"href":"https:\/\/www.imaxesdaterra.com\/gl\/wp-json\/wp\/v2\/types\/page"}],"author":[{"embeddable":true,"href":"https:\/\/www.imaxesdaterra.com\/gl\/wp-json\/wp\/v2\/users\/1"}],"replies":[{"embeddable":true,"href":"https:\/\/www.imaxesdaterra.com\/gl\/wp-json\/wp\/v2\/comments?post=4589"}],"version-history":[{"count":8,"href":"https:\/\/www.imaxesdaterra.com\/gl\/wp-json\/wp\/v2\/pages\/4589\/revisions"}],"predecessor-version":[{"id":12597,"href":"https:\/\/www.imaxesdaterra.com\/gl\/wp-json\/wp\/v2\/pages\/4589\/revisions\/12597"}],"wp:attachment":[{"href":"https:\/\/www.imaxesdaterra.com\/gl\/wp-json\/wp\/v2\/media?parent=4589"}],"wp:term":[{"taxonomy":"yst_prominent_words","embeddable":true,"href":"https:\/\/www.imaxesdaterra.com\/gl\/wp-json\/wp\/v2\/yst_prominent_words?post=4589"}],"curies":[{"name":"wp","href":"https:\/\/api.w.org\/{rel}","templated":true}]}}