{"id":4124,"date":"2017-11-23T16:14:54","date_gmt":"2017-11-23T16:14:54","guid":{"rendered":"https:\/\/www.imaxesdaterra.com\/?page_id=4124"},"modified":"2023-03-18T20:33:19","modified_gmt":"2023-03-18T20:33:19","slug":"autor","status":"publish","type":"page","link":"https:\/\/www.imaxesdaterra.com\/gl\/autor\/","title":{"rendered":"Autor"},"content":{"rendered":"<p style=\"text-align: center;\">\u201cA fotograf\u00eda g\u00fastame pola s\u00faa maxia, gozo na abstracci\u00f3n do momento creativo para conseguir esa imaxe so\u00f1ada, e gozo cando esas imaxes proporcionan a quen as ve momentos de inspiraci\u00f3n\u201d<\/p>\n<p>\u00a0<\/p>\n<p>Levo anos facendo fotograf\u00eda, e o tempo pasa r\u00e1pido\u2026 pero te\u00f1o que dicir que grazas \u00e1 fotograf\u00eda consegu\u00edn detelo e eternizalo, o cal me permite agora poder lembrar todos eses bos momentos, e poder compartilos.<\/p>\n<p>Co proxecto de tenda <a href=\"http:\/\/www.imaxesdaterra.com\" target=\"_blank\" rel=\"noopener noreferrer\">www.imaxesdaterra.com<\/a> , busco ofrecer todas as fotograf\u00edas que me inspiran de Galicia, dunha forma f\u00e1cil,\u00a0 ofrec\u00e9ndoas xa impresas en diferentes soportes, e a prezos alcanzables.\u00a0 O que busco \u00e9 po\u00f1er en valor moitos lugares emblem\u00e1ticos de Galicia, e dar a co\u00f1ecer outros desco\u00f1ecidos, ofrecendo o meu persoal punto de vista, e xogando coa fotograf\u00eda creativa, na xeometr\u00eda da arquitectura e nas formas da natureza. Gozo coas composici\u00f3ns creativas que ofrecen outra forma de ver a realidade, e que obrigan ao espectador para pensar. As fotograf\u00edas abarcan diferentes temas: <em><strong>AraSolis<\/strong><\/em>, son fotos nas que o Sol \u00e9 o protagonista. ArteUrbano, imaxes de cidades e arquitectura. <em><strong>B& N& S<\/strong><\/em>, acr\u00f3nimo de branco, negro e sepia. <em><strong>Faros<\/strong><\/em>, imaxes dos faros de Galicia.<em><strong> Festas<\/strong><\/em>, selecci\u00f3n de fotos panor\u00e1micas feitas para o libro \u201d Festas de Galicia\u201d. <em><strong>Mar<\/strong><\/em>, o noso impresionante mar oce\u00e1nico e as R\u00edas sempre cheas de sorpresas. <em><strong>Megalitos<\/strong><\/em>, outro tema que me encanta, e que penso que necesita valorarse m\u00e1is, e dalo a co\u00f1ecer. <em><strong>Natureza<\/strong><\/em>, Galicia \u00e9 verde e \u00e9 mar por todas partes. Ao final, busco imaxes que me digan algo, e espero que a ti tam\u00e9n che seduzan, e g\u00fastenche para decorar a t\u00faa casa, oficina, ou para facer un agasallo.<\/p>\n<p>Por contarvos algo m\u00e1is da mi\u00f1a profesi\u00f3n, direivos que comecei no mundo da fotograf\u00eda coa realizaci\u00f3n de reportaxes nos sectores de: arquitectura, turismo, industria e publicidade, e co tempo fun especializando na fotograf\u00eda enfocada contidos multimedia e VR para internet. Podes ver unha mostra das reportaxes que realizo na mi\u00f1a web de estudo: <a href=\"http:\/\/www.fotopanorama.com\" target=\"_blank\" rel=\"noopener noreferrer\">www.fotopanorama.com<\/a><\/p>\n<p>A faceta m\u00e1is art\u00edstica funa almacenando co paso do tempo, e as fotos que m\u00e1is me motivaban, as que conti\u00f1an as emoci\u00f3ns m\u00e1is persoais, as facia e gard\u00e1baas como quen garda o recordo de algo importante.\u00a0Fai xa uns 10 anos, publique un libro de panor\u00e1micas de Galicia, que se vendeu moi ben, e isto supuxo un primeiro achegamento \u00e1 creaci\u00f3n art\u00edstica. Despois deste primeiro contacto coa parte m\u00e1is creativa, continuei con exposici\u00f3ns, e tam\u00e9n con outro libro de \u201c Festas de Galicia\u201d.\u00a0 \u00a0Todo isto foi emocionante, ao comprobar que \u00e1 xente gust\u00e1banlle as mi\u00f1as fotograf\u00edas. Ao final, sucede esa conexi\u00f3n inexplicable que une \u00e1s persoas, e que \u00e9 o motor que me motiva a seguir creando.<\/p>\n<p>Agora con este proxecto de \u201c Imaxes da Terra\u201d ensino e ofrezo todas estas fotograf\u00edas en gran formato, que considero representativas e apropiadas para representar a mi\u00f1a terra galega.<\/p>\n<div class=\"col_b\">\n<div class=\"textbox\">\n<div class=\"textarea unknown\">Podes seguir as novidades e subscribirche \u00e1s mi\u00f1as redes sociais: <a href=\"https:\/\/es-es.facebook.com\/imaxesdaterra\/\" target=\"_blank\" rel=\"noopener noreferrer\">Facebook<\/a>, <a href=\"https:\/\/www.instagram.com\/imaxesdaterra\/\" target=\"_blank\" rel=\"noopener noreferrer\">Instagram<\/a><\/div>\n<div><\/div>\n<div class=\"textarea unknown\">E se hai alg\u00fan lugar de Galicia que che poida interesar especialmente, non dubides en po\u00f1er en contacto comigo. Tam\u00e9n os teus recordos son importantes e est\u00e1n a un s\u00f3 click.<\/div>\n<div><\/div>\n<div class=\"textarea unknown\">Un cordial sa\u00fado,<\/div>\n<\/div>\n<\/div>\n<div>\n<div><\/div>\n<p class=\"\">Ricardo Camb\u00f3n<\/p>\n<p><img decoding=\"async\" loading=\"lazy\" class=\"wp-image-3544 aligncenter\" src=\"https:\/\/i0.wp.com\/www.imaxesdaterra.com\/wp-content\/uploads\/2017\/04\/foto_ribn.jpg?resize=82%2C101&ssl=1\" alt=\"\" width=\"82\" height=\"101\" srcset=\"https:\/\/i0.wp.com\/www.imaxesdaterra.com\/wp-content\/uploads\/2017\/04\/foto_ribn.jpg?w=200&ssl=1 200w, https:\/\/i0.wp.com\/www.imaxesdaterra.com\/wp-content\/uploads\/2017\/04\/foto_ribn.jpg?resize=197%2C242&ssl=1 197w\" sizes=\"(max-width: 82px) 100vw, 82px\" data-recalc-dims=\"1\" \/><\/p>\n<p>\u00a0<\/p>\n<p style=\"text-align: center;\"><img decoding=\"async\" loading=\"lazy\" class=\"alignnone wp-image-1390 size-full\" title=\"Fotopanorama\" src=\"https:\/\/i0.wp.com\/www.imaxesdaterra.com\/wp-content\/uploads\/2017\/04\/LOGO_FP_200.png?resize=200%2C37&ssl=1\" alt=\"\" width=\"200\" height=\"37\" srcset=\"https:\/\/i0.wp.com\/www.imaxesdaterra.com\/wp-content\/uploads\/2017\/04\/LOGO_FP_200.png?w=200&ssl=1 200w, https:\/\/i0.wp.com\/www.imaxesdaterra.com\/wp-content\/uploads\/2017\/04\/LOGO_FP_200.png?resize=197%2C36&ssl=1 197w\" sizes=\"(max-width: 200px) 100vw, 200px\" data-recalc-dims=\"1\" \/><\/p>\n<p style=\"text-align: center;\"><a href=\"https:\/\/www.fotopanorama.com\/\" target=\"_blank\" rel=\"noopener noreferrer\">www.fotopanorama.com<\/a><\/p>\n<p style=\"text-align: center;\"><img data-attachment-id=\"6420\" data-permalink=\"https:\/\/www.imaxesdaterra.com\/gl\/autor\/logomaster_galicia360-1-2\/\" data-orig-file=\"https:\/\/i0.wp.com\/www.imaxesdaterra.com\/wp-content\/uploads\/2017\/12\/logomaster_galicia360-1.png?fit=200%2C95&ssl=1\" data-orig-size=\"200,95\" data-comments-opened=\"0\" data-image-meta=\"{&quot;aperture&quot;:&quot;0&quot;,&quot;credit&quot;:&quot;&quot;,&quot;camera&quot;:&quot;&quot;,&quot;caption&quot;:&quot;&quot;,&quot;created_timestamp&quot;:&quot;0&quot;,&quot;copyright&quot;:&quot;&quot;,&quot;focal_length&quot;:&quot;0&quot;,&quot;iso&quot;:&quot;0&quot;,&quot;shutter_speed&quot;:&quot;0&quot;,&quot;title&quot;:&quot;&quot;,&quot;orientation&quot;:&quot;0&quot;}\" data-image-title=\"Galicia360\" data-image-description=\"\" data-image-caption=\"\" data-medium-file=\"https:\/\/i0.wp.com\/www.imaxesdaterra.com\/wp-content\/uploads\/2017\/12\/logomaster_galicia360-1.png?fit=200%2C95&ssl=1\" data-large-file=\"https:\/\/i0.wp.com\/www.imaxesdaterra.com\/wp-content\/uploads\/2017\/12\/logomaster_galicia360-1.png?fit=200%2C95&ssl=1\" decoding=\"async\" loading=\"lazy\" class=\"alignnone wp-image-6420 size-full\" title=\"Galicia360\" src=\"https:\/\/i0.wp.com\/www.imaxesdaterra.com\/wp-content\/uploads\/2017\/12\/logomaster_galicia360-1.png?resize=200%2C95&ssl=1\" alt=\"Galicia360\" width=\"200\" height=\"95\" srcset=\"https:\/\/i0.wp.com\/www.imaxesdaterra.com\/wp-content\/uploads\/2017\/12\/logomaster_galicia360-1.png?w=200&ssl=1 200w, https:\/\/i0.wp.com\/www.imaxesdaterra.com\/wp-content\/uploads\/2017\/12\/logomaster_galicia360-1.png?resize=197%2C94&ssl=1 197w\" sizes=\"(max-width: 200px) 100vw, 200px\" data-recalc-dims=\"1\" \/><\/p>\n<p style=\"text-align: center;\"><a href=\"https:\/\/www.galicia360.com\/\" target=\"_blank\" rel=\"noopener noreferrer\">www.galicia360.com<\/a><\/p>\n<hr \/>\n<p style=\"text-align: center;\">S\u00edguenos en \u00a0<a href=\"https:\/\/es-es.facebook.com\/imaxesdaterra\/\" target=\"_blank\" rel=\"noopener noreferrer\"><img decoding=\"async\" loading=\"lazy\" class=\"alignnone wp-image-3324\" src=\"https:\/\/i0.wp.com\/www.imaxesdaterra.com\/wp-content\/uploads\/2017\/04\/Unknown.jpeg?resize=50%2C50&ssl=1\" alt=\"\" width=\"50\" height=\"50\" data-recalc-dims=\"1\" \/><\/a><\/p>\n<\/div>\n","protected":false},"excerpt":{"rendered":"<p>\u201cA fotograf\u00eda g\u00fastame pola s\u00faa maxia, gozo na abstracci\u00f3n do momento creativo para conseguir esa imaxe so\u00f1ada, e gozo cando esas imaxes proporcionan a quen as ve momentos de inspiraci\u00f3n\u201d \u00a0 Levo anos facendo fotograf\u00eda, e o tempo pasa r\u00e1pido\u2026 pero te\u00f1o que dicir que grazas \u00e1 fotograf\u00eda consegu\u00edn detelo e eternizalo, o cal me [&hellip;]<\/p>\n","protected":false},"author":1,"featured_media":0,"parent":0,"menu_order":0,"comment_status":"closed","ping_status":"closed","template":"template-fullwidth.php","meta":{"jetpack_post_was_ever_published":false},"yst_prominent_words":[1361,1374],"jetpack_sharing_enabled":true,"jetpack_shortlink":"https:\/\/wp.me\/P8tMdy-14w","_links":{"self":[{"href":"https:\/\/www.imaxesdaterra.com\/gl\/wp-json\/wp\/v2\/pages\/4124"}],"collection":[{"href":"https:\/\/www.imaxesdaterra.com\/gl\/wp-json\/wp\/v2\/pages"}],"about":[{"href":"https:\/\/www.imaxesdaterra.com\/gl\/wp-json\/wp\/v2\/types\/page"}],"author":[{"embeddable":true,"href":"https:\/\/www.imaxesdaterra.com\/gl\/wp-json\/wp\/v2\/users\/1"}],"replies":[{"embeddable":true,"href":"https:\/\/www.imaxesdaterra.com\/gl\/wp-json\/wp\/v2\/comments?post=4124"}],"version-history":[{"count":11,"href":"https:\/\/www.imaxesdaterra.com\/gl\/wp-json\/wp\/v2\/pages\/4124\/revisions"}],"predecessor-version":[{"id":12494,"href":"https:\/\/www.imaxesdaterra.com\/gl\/wp-json\/wp\/v2\/pages\/4124\/revisions\/12494"}],"wp:attachment":[{"href":"https:\/\/www.imaxesdaterra.com\/gl\/wp-json\/wp\/v2\/media?parent=4124"}],"wp:term":[{"taxonomy":"yst_prominent_words","embeddable":true,"href":"https:\/\/www.imaxesdaterra.com\/gl\/wp-json\/wp\/v2\/yst_prominent_words?post=4124"}],"curies":[{"name":"wp","href":"https:\/\/api.w.org\/{rel}","templated":true}]}}