{"id":4086,"date":"2017-11-08T11:09:11","date_gmt":"2017-11-08T11:09:11","guid":{"rendered":"https:\/\/www.imaxesdaterra.com\/politica-de-privacidad\/"},"modified":"2017-11-28T14:21:34","modified_gmt":"2017-11-28T14:21:34","slug":"politica-de-privacidade","status":"publish","type":"page","link":"https:\/\/www.imaxesdaterra.com\/gl\/politica-de-privacidade\/","title":{"rendered":"Pol\u00edtica de Privacidade"},"content":{"rendered":"<div class=\"col_b\">\n<div class=\"textbox\">\n<div id=\"contenedor\" class=\"textarea unknown\">De conformidade co que establece a Lei Org\u00e1nica 15\/1999 de Protecci\u00f3n de Datos de Car\u00e1cter Persoal, inf\u00f3rmaselle que os datos persoais que nos facilite mediante o uso dos formularios sitos na p\u00e1xina web, ser\u00e1n incorporados a un ficheiro titularidade de IMAXESdaTERRA\u00a0, coa finalidade de xestionar a s\u00faa solicitude e enviarlle informaci\u00f3n m\u00e1is detallada. As\u00ed mesmo, IMAXESdaTERRA\u00a0inf\u00f3rmalle da posibilidade de exercer os dereitos de acceso, cancelaci\u00f3n, rectificaci\u00f3n e oposici\u00f3n mediante un escrito \u00e1 direcci\u00f3n de email:\u00a0 info @ imaxesdaterra . com. \u00a0Mentres non nos comunique o contrario, entenderemos que os seus datos non foron modificados, que vostede se compromete a notificarnos calquera variaci\u00f3n e que temos o consentimento para utilizalos a fin de poder fidelizar a relaci\u00f3n entre as partes. De acordo co que establece a Lei 34\/2002, de Servizos da Sociedade da Informaci\u00f3n e o Comercio Electr\u00f3nico no seu artigo 21, solicitamos o seu consentimento para poder realizar comunicaci\u00f3ns publicitarias que consideremos poidan ser do seu interese, por correo electr\u00f3nico ou por calquera outro medio de comunicaci\u00f3n electr\u00f3nica equivalente. Lin e acepto a pol\u00edtica de privacidade de\u00a0 IMAXESdaTERRA.<\/div>\n<\/div>\n<\/div>\n<h4><\/h4>\n<div class=\"col_b\">\n<div class=\"textbox\">\n<div id=\"contenedor\" class=\"textarea unknown\"><strong>Pol\u00edtica de cookies <\/strong><\/div>\n<div><\/div>\n<div class=\"textarea unknown\">Definici\u00f3n e funci\u00f3n das cookies Que son as cookies?\u00a0Unha cookie \u00e9 un ficheiro que se descarga no seu computador ao acceder a determinadas p\u00e1xinas web. As cookies permiten a unha p\u00e1xina web, entre outras cousas, almacenar e recuperar informaci\u00f3n sobre os h\u00e1bitos de navegaci\u00f3n dun usuario ou do seu equipo e, dependendo da informaci\u00f3n que conte\u00f1an e da forma en que utilice o seu equipo, poden utilizarse para reco\u00f1ecer ao usuario. Poden recoller tam\u00e9n por exemplo a direcci\u00f3n IP que utiliza o computador para conectarse ao lugar web, a direcci\u00f3n URL da p\u00e1xina web solicitada, a hora da conexi\u00f3n e outros par\u00e1metros relativos ao sistema operativo da contorna inform\u00e1tica utilizada. As cookies que non son de sesi\u00f3n quedan gardadas na memoria do navegador do usuario, a pesar de que a informaci\u00f3n que conte\u00f1en non se utilice. Tipos de cookies Segundo quen sexa a entidade que xestione o dominio desde onde se env\u00edan as cookies e trate os datos que se obte\u00f1an p\u00f3dense distinguir dous tipos:\u00a0 cookies propias\u00a0e\u00a0 cookies de terceiros. Existe tam\u00e9n unha segunda clasificaci\u00f3n segundo o prazo de tempo que permanecen almacenadas no navegador do cliente, podendo tratarse de\u00a0 cookies de sesi\u00f3n\u00a0ou\u00a0 cookies persistentes. Por \u00faltimo, existe outra clasificaci\u00f3n con cinco tipos de cookies segundo a finalidade para a que se traten os datos obtidos:\u00a0 cookies t\u00e9cnicas, cookies de personalizaci\u00f3n, cookies de an\u00e1lise, cookies publicitarias\u00a0e\u00a0 cookies de publicidade comportamental. Para m\u00e1is informaci\u00f3n a este respecto pode consultar a\u00a0Gu\u00eda sobre o uso das cookies da Axencia Espa\u00f1ola de Protecci\u00f3n de Datos Aceptaci\u00f3n da Pol\u00edtica de cookies Ante esta informaci\u00f3n \u00e9 posible levar a cabo as seguintes acci\u00f3ns: Aceptar cookies.\u00a0Non se volver\u00e1 a visualizar este aviso ao acceder a calquera p\u00e1xina do portal durante a presente sesi\u00f3n. Pechar.\u00a0Oc\u00faltase o aviso na presente p\u00e1xina. Modificar a s\u00faa configuraci\u00f3n.\u00a0Poder\u00e1 obter m\u00e1is informaci\u00f3n sobre que son as cookies, co\u00f1ecer a Pol\u00edtica de cookies do Ministerio e modificar a configuraci\u00f3n do seu navegador. Como modificar a configuraci\u00f3n das cookies Vostede pode restrinxir, bloquear ou borrar as cookies utilizando o seu navegador. En cada navegador a operativa \u00e9 diferente, a funci\u00f3n de \u2018Axuda\u201d mostraralle como facelo.<\/div>\n<div class=\"textarea unknown\">Internet Explorer<\/div>\n<div class=\"textarea unknown\">Firefox<br \/>\nChrome Safari<\/div>\n<\/div>\n<\/div>\n<p>\u00a0<\/p>\n<div class=\"col_b\">\n<div class=\"textbox\">\n<div id=\"contenedor\" class=\"textarea unknown\"><strong>Empresas colaboradoras <\/strong><\/div>\n<div><\/div>\n<div class=\"textarea unknown\">En concreto os prestadores de servizos cos que contratamos alg\u00fan servizo para o que \u00e9 necesario a utilizaci\u00f3n de cookies son: Google, INC. coa cookie de Google Analytics q \u00fasase para a an\u00e1lise do comportamento dos usuarios na internet. A informaci\u00f3n que xera a cookie achega do uso que realiza o usuario da p\u00e1xina web transm\u00edtese e almac\u00e9nase xeralmente nos servidores de Google de Estados Unidos. En caso de activar a opci\u00f3n de IP an\u00f3nima na p\u00e1xina web, a direcci\u00f3n IP non aparecer\u00e1 completa dentro dos pa\u00edses da Uni\u00f3n Europea ou nos demais pa\u00edses que as\u00ed o acordaron dentro do espazo econ\u00f3mico da Uni\u00f3n Europea. S\u00f3 excepcionalmente transmitirase a direcci\u00f3n IP completa a un servidor de Google en Estados Unidos e unha vez al\u00ed acurtarase. Unicamente con autorizaci\u00f3n do usuario da p\u00e1xina, Google utilizar\u00e1 esta informaci\u00f3n co fin de valorar o comportamento do usuario na p\u00e1xina web, xerar informes sobre as actividades da web e ofrecer ao dono da p\u00e1xina servizos relacionados co uso web e da internet. A direcci\u00f3n IP transmitida polo seu navegador no marco de Google Analytics non se asociar\u00e1 con outros datos de Google. O usuario pode evitar o almacenamento de cookies configurando o navegador correspondientemente de maneira que non se almacenen as<br \/>\ncookies. Esta configuraci\u00f3n pode afectar \u00e1 plena funcionalidade da p\u00e1xina web. Co uso desta web, o usuario est\u00e1 de acordo co procesamento de datos por Google da forma anteriormente mencionada. O usuario tam\u00e9n pode evitar o rexistro dos datos xerados polas cookies e dos relacionados ao uso da p\u00e1xina web (inclu\u00edda a direcci\u00f3n IP), as\u00ed como o procesamento dos mesmos descargando e instalando o seguinte plugin para o navegador dispo\u00f1ible a trav\u00e9s deste link: http:\/\/tools.google.com\/dlpage\/gaoptout M\u00e1is informaci\u00f3n acerca dos termos e condici\u00f3ns de uso e pol\u00edtica de privacidade nas condici\u00f3ns de uso de Google Analytics ou nas condici\u00f3ns xerais de Google Analytics. Ten en conta que nesta p\u00e1xina o c\u00f3digo de Google Analytics incl\u00fae a etiqueta \u201c gat._ anonymizeIp();\u201d, que asegura a recolecci\u00f3n de direcci\u00f3ns IP de maneira an\u00f3nima (m\u00e1scara de IP).<\/div>\n<\/div>\n<\/div>\n","protected":false},"excerpt":{"rendered":"<p>De conformidade co que establece a Lei Org\u00e1nica 15\/1999 de Protecci\u00f3n de Datos de Car\u00e1cter Persoal, inf\u00f3rmaselle que os datos persoais que nos facilite mediante o uso dos formularios sitos na p\u00e1xina web, ser\u00e1n incorporados a un ficheiro titularidade de IMAXESdaTERRA\u00a0, coa finalidade de xestionar a s\u00faa solicitude e enviarlle informaci\u00f3n m\u00e1is detallada. As\u00ed mesmo, [&hellip;]<\/p>\n","protected":false},"author":1,"featured_media":0,"parent":0,"menu_order":0,"comment_status":"closed","ping_status":"closed","template":"","meta":{"jetpack_post_was_ever_published":false},"yst_prominent_words":[],"jetpack_sharing_enabled":true,"jetpack_shortlink":"https:\/\/wp.me\/P8tMdy-13U","_links":{"self":[{"href":"https:\/\/www.imaxesdaterra.com\/gl\/wp-json\/wp\/v2\/pages\/4086"}],"collection":[{"href":"https:\/\/www.imaxesdaterra.com\/gl\/wp-json\/wp\/v2\/pages"}],"about":[{"href":"https:\/\/www.imaxesdaterra.com\/gl\/wp-json\/wp\/v2\/types\/page"}],"author":[{"embeddable":true,"href":"https:\/\/www.imaxesdaterra.com\/gl\/wp-json\/wp\/v2\/users\/1"}],"replies":[{"embeddable":true,"href":"https:\/\/www.imaxesdaterra.com\/gl\/wp-json\/wp\/v2\/comments?post=4086"}],"version-history":[{"count":6,"href":"https:\/\/www.imaxesdaterra.com\/gl\/wp-json\/wp\/v2\/pages\/4086\/revisions"}],"predecessor-version":[{"id":4646,"href":"https:\/\/www.imaxesdaterra.com\/gl\/wp-json\/wp\/v2\/pages\/4086\/revisions\/4646"}],"wp:attachment":[{"href":"https:\/\/www.imaxesdaterra.com\/gl\/wp-json\/wp\/v2\/media?parent=4086"}],"wp:term":[{"taxonomy":"yst_prominent_words","embeddable":true,"href":"https:\/\/www.imaxesdaterra.com\/gl\/wp-json\/wp\/v2\/yst_prominent_words?post=4086"}],"curies":[{"name":"wp","href":"https:\/\/api.w.org\/{rel}","templated":true}]}}